{"id":1871,"date":"2022-03-21T15:40:22","date_gmt":"2022-03-21T21:40:22","guid":{"rendered":"https:\/\/outdoorcouncil.ca\/cours\/devenez-une-instructeure\/"},"modified":"2023-06-14T14:48:33","modified_gmt":"2023-06-14T20:48:33","slug":"devenez-une-instructeure","status":"publish","type":"page","link":"https:\/\/outdoorcouncil.ca\/fr\/cours\/devenez-une-instructeure\/","title":{"rendered":"Devenez une instructeur(e)"},"content":{"rendered":"\n<h2 class=\"wp-block-heading\"><strong>Pourquoi devenir un(e)e instructeur(e)? <\/strong><\/h2>\n\n<p>Les personnes ayant l&rsquo;exp\u00e9rience requise pour devenir instructeurs Leader terrain comprennent que les comp\u00e9tences d&rsquo;encadrement sont essentielles pour offrir des exp\u00e9riences de plein air de qualit\u00e9 et s\u00e9curitaires. En devenant instructeur, vous serez en mesure de certifier des Leader terrain et de diffuser les pratiques accept\u00e9es qui sont \u00e0 la base d&rsquo;un encadrement de plein air efficace.<\/p>\n\n<p>Si vous r\u00e9ussissez la formation d&rsquo;instructeur, vous recevrez au moins une license CCPA. Selon votre performance lors de la formation, nous pouvez aussi obtenir plus d&rsquo;une license d&rsquo;instructeur Leader terrain.<\/p>\n\n<p>Ainsi, les individus ayant suffisamment d&rsquo;exp\u00e9rience, peuvent acqu\u00e9rir <a href=\"https:\/\/outdoorcouncil.ca\/wp-content\/uploads\/2022\/06\/Instructor-Examiners-Report-Candidate-Version.pdf\" data-type=\"URL\" data-id=\"https:\/\/outdoorcouncil.ca\/wp-content\/uploads\/2022\/06\/Instructor-Examiners-Report-Candidate-Version.pdf\" target=\"_blank\" rel=\"noreferrer noopener\">plusieurs licenses<\/a> telles que LT (randonn\u00e9e), LT (pagaie), LT (Hiver), LT (\u00e9questre), LT (multi-jours) et GO (carte et boussole) en suivant une seule formation d&rsquo;instructeur. La performance lors de la formation, l&rsquo;exp\u00e9rience terrain et les certificats d\u00e9tenus par l&rsquo;individus d\u00e9terminerons les licenses re\u00e7ues. <\/p>\n\n<blockquote class=\"wp-block-quote is-layout-flow wp-block-quote-is-layout-flow\"><p>\u00ab\u00a0comme instructeure pour la formation Leader terrain (\u00e9questre), j&rsquo;utilise le contenu de formation pour former les nouveaux employ\u00e9s du Ranch Ehrlo Society. La s\u00e9curit\u00e9 est d&rsquo;une importance centrale dans l&rsquo;industrie du plein air et j&rsquo;ai h\u00e2te de livrer diverses formations CCPA dans ma communaut\u00e9\u00a0\u00bb<\/p><cite><strong>\u2014Amanda Snell, Chef d&rsquo;\u00e9quipe pour un programme de th\u00e9rapie \u00e9questre<\/strong><\/cite><\/blockquote>\n\n<h2 class=\"wp-block-heading\"><strong>Pr\u00e9-requis pour devenir un(e) instructeur(e).<\/strong><\/h2>\n\n<p>Les personnes qui ont une grande exp\u00e9rience de l&rsquo;encadrement en plein air et qui peuvent servir de mentors \u00e0 d&rsquo;autres encadrants sont d&rsquo;excellents candidats pour devenir instructeurs du CCPA. Nos instructeur(e) sont des individus ayant des fondements solides en enseignement et comme facilitateur(trice) dans les domaines suivants: <\/p>\n\n<ul class=\"wp-block-list\"><li>S\u00e9lection et formation d&rsquo;encadrants d&rsquo;activit\u00e9s de plein air.<\/li><li>Conception et mise en place d&rsquo;activit\u00e9s de plein air.<\/li><li>Supervision et gestion de la s\u00e9curit\u00e9 envers les activit\u00e9s de plein air offertes par les encadrants.<\/li><li>Supervision et gestion de la qualit\u00e9 dans l&rsquo;offre service de programmes plein air.<\/li><li>Conception et mise en place de la logistique pour des activit\u00e9s de plein air.<\/li><li>Maintient de documents li\u00e9s aux activit\u00e9s de plein air.<\/li><\/ul>\n\n<h2 class=\"wp-block-heading\"><strong>Quelle est la dur\u00e9e de la formation d&rsquo;instructeur?<\/strong><\/h2>\n\n<p>La formation d&rsquo;instructeur CCPA s&rsquo;offre sur deux jours. La formation s&rsquo;offre habituellement entre 9:00 et 17:00.<\/p>\n\n<h2 class=\"wp-block-heading\"><strong>Quel est le co\u00fbt de la formation?<\/strong><\/h2>\n\n<p>Le co\u00fbt pour la formation d&rsquo;instructeur est de 400$ par personne. Des co\u00fbts additionnels li\u00e9s au transport peuvent \u00eatre ajout\u00e9s dans certaines regions du pays. Le nombre minimal de participants(es) pour le formation est de 4 personnes. Le maximum est 8 personnes.<\/p>\n\n<h2 class=\"wp-block-heading\">Devenez un(e) instructeur(e).<\/h2>\n\n<ol class=\"wp-block-list\"><li>Utilisez le formulaire ci-dessous pour initier le processus d&rsquo;application.<ul><li>Cette demande fournit des d\u00e9tails sur votre exp\u00e9rience d&rsquo;encadrement en plein air et votre capacit\u00e9 de gestion. <\/li><\/ul><\/li><li>Une fois le formulaire soumis, votre candidature sera \u00e9valu\u00e9e.<ul><li>Ce processus prend habituellement entre 10 et 14 jours ouvrables.<\/li><\/ul><\/li><li>Si vous \u00eates approuv\u00e9, vous pourrez vous inscrire pour une formation d&rsquo;instructeur. <ul><li>Si aucune formation n&rsquo;est propos\u00e9e \u00e0 ce moment-l\u00e0, votre information sera conserv\u00e9e dans une base de donn\u00e9es qui nous aidera \u00e0 organiser des formations \u00e0 l&rsquo;avenir.<\/li><\/ul><\/li><li>Une fois que vous vous serez inscrit pour une formation, vous devrez: <ul><li>lire le mat\u00e9riel de formation, <\/li><li>compl\u00e9ter les questions pr\u00e9-formation,<\/li><li>Preparer une le\u00e7on qui vous sera assign\u00e9e par votre maitre instructeur(e). Vous devrez enseigner cette le\u00e7on lors de la formation. <\/li><\/ul><\/li><li>Participer \u00e0 la formation.<\/li><\/ol>\n\n<p>Termes utilis\u00e9s par le CCPA:<\/p>\n\n<ul class=\"wp-block-list\"><li><strong>Candidat(e) Instructeur(e):<\/strong> Individu appliquant pour devenir un(e) instructeur(e).<\/li><li><strong>Instructeur(e):<\/strong> individus ayant pass\u00e9 la formation d&rsquo;instructeur et ayant une ou plusieurs licenses pour certifier des Leaders terrain. <\/li><li><strong>Maitre instructeur: <\/strong> Individu qui enseigne la formation d&rsquo;instructeur et qui assigne les licenses d&rsquo;instructeur.<\/li><\/ul>\n\n<a href=\"https:\/\/outdoorcouncil.ca\/fr\/cours\/devenez-une-instructeure\/candidature-dinstructeur\/\" class=\"btn btn--primary\" style=\"color: white\" rel=\"noopener\">Remplissez le formulaire<\/a>\n","protected":false},"excerpt":{"rendered":"<p>Pourquoi devenir un(e)e instructeur(e)? Les personnes ayant l&rsquo;exp\u00e9rience requise pour devenir instructeurs Leader terrain comprennent que les comp\u00e9tences d&rsquo;encadrement sont essentielles pour offrir des exp\u00e9riences de plein air de qualit\u00e9 [&hellip;]<\/p>\n","protected":false},"author":1,"featured_media":0,"parent":1585,"menu_order":1,"comment_status":"closed","ping_status":"closed","template":"","meta":{"_acf_changed":false,"pmpro_default_level":"","inline_featured_image":false,"_price":"","_stock":"","_tribe_ticket_header":"","_tribe_default_ticket_provider":"","_tribe_ticket_capacity":"0","_ticket_start_date":"","_ticket_end_date":"","_tribe_ticket_show_description":"","_tribe_ticket_show_not_going":false,"_tribe_ticket_use_global_stock":"","_tribe_ticket_global_stock_level":"","_global_stock_mode":"","_global_stock_cap":"","_tribe_rsvp_for_event":"","_tribe_ticket_going_count":"","_tribe_ticket_not_going_count":"","_tribe_tickets_list":"[]","_tribe_ticket_has_attendee_info_fields":false,"footnotes":""},"class_list":["post-1871","page","type-page","status-publish","hentry","pmpro-has-access"],"acf":[],"yoast_head":"<!-- This site is optimized with the Yoast SEO plugin v27.3 - https:\/\/yoast.com\/product\/yoast-seo-wordpress\/ -->\n<title>Devenez une instructeur(e) | Outdoor Council of Canada<\/title>\n<meta name=\"description\" content=\"The OCC is the umbrella organization for the Canadian outdoor sector. OCC members represent the thousands of individuals and businesses who bring Canadians outdoors.\" \/>\n<meta name=\"robots\" content=\"index, follow, max-snippet:-1, max-image-preview:large, max-video-preview:-1\" \/>\n<link rel=\"canonical\" href=\"https:\/\/outdoorcouncil.ca\/fr\/cours\/devenez-une-instructeure\/\" \/>\n<meta property=\"og:locale\" content=\"fr_FR\" \/>\n<meta property=\"og:type\" content=\"article\" \/>\n<meta property=\"og:title\" content=\"Devenez une instructeur(e) | Outdoor Council of Canada\" \/>\n<meta property=\"og:description\" content=\"The OCC is the umbrella organization for the Canadian outdoor sector. OCC members represent the thousands of individuals and businesses who bring Canadians outdoors.\" \/>\n<meta property=\"og:url\" content=\"https:\/\/outdoorcouncil.ca\/fr\/cours\/devenez-une-instructeure\/\" \/>\n<meta property=\"og:site_name\" content=\"Outdoor Council of Canada\" \/>\n<meta property=\"article:modified_time\" content=\"2023-06-14T20:48:33+00:00\" \/>\n<meta name=\"twitter:card\" content=\"summary_large_image\" \/>\n<meta name=\"twitter:label1\" content=\"Dur\u00e9e de lecture estim\u00e9e\" \/>\n\t<meta name=\"twitter:data1\" content=\"3 minutes\" \/>\n<script type=\"application\/ld+json\" class=\"yoast-schema-graph\">{\"@context\":\"https:\\\/\\\/schema.org\",\"@graph\":[{\"@type\":\"WebPage\",\"@id\":\"https:\\\/\\\/outdoorcouncil.ca\\\/fr\\\/cours\\\/devenez-une-instructeure\\\/\",\"url\":\"https:\\\/\\\/outdoorcouncil.ca\\\/fr\\\/cours\\\/devenez-une-instructeure\\\/\",\"name\":\"Devenez une instructeur(e) | Outdoor Council of Canada\",\"isPartOf\":{\"@id\":\"https:\\\/\\\/outdoorcouncil.ca\\\/fr\\\/#website\"},\"datePublished\":\"2022-03-21T21:40:22+00:00\",\"dateModified\":\"2023-06-14T20:48:33+00:00\",\"description\":\"The OCC is the umbrella organization for the Canadian outdoor sector. OCC members represent the thousands of individuals and businesses who bring Canadians outdoors.\",\"breadcrumb\":{\"@id\":\"https:\\\/\\\/outdoorcouncil.ca\\\/fr\\\/cours\\\/devenez-une-instructeure\\\/#breadcrumb\"},\"inLanguage\":\"fr-FR\",\"potentialAction\":[{\"@type\":\"ReadAction\",\"target\":[\"https:\\\/\\\/outdoorcouncil.ca\\\/fr\\\/cours\\\/devenez-une-instructeure\\\/\"]}]},{\"@type\":\"BreadcrumbList\",\"@id\":\"https:\\\/\\\/outdoorcouncil.ca\\\/fr\\\/cours\\\/devenez-une-instructeure\\\/#breadcrumb\",\"itemListElement\":[{\"@type\":\"ListItem\",\"position\":1,\"name\":\"Home\",\"item\":\"https:\\\/\\\/outdoorcouncil.ca\\\/fr\\\/\"},{\"@type\":\"ListItem\",\"position\":2,\"name\":\"Formations\",\"item\":\"https:\\\/\\\/outdoorcouncil.ca\\\/fr\\\/cours\\\/\"},{\"@type\":\"ListItem\",\"position\":3,\"name\":\"Devenez une instructeur(e)\"}]},{\"@type\":\"WebSite\",\"@id\":\"https:\\\/\\\/outdoorcouncil.ca\\\/fr\\\/#website\",\"url\":\"https:\\\/\\\/outdoorcouncil.ca\\\/fr\\\/\",\"name\":\"Outdoor Council of Canada\",\"description\":\"Connecting Canadians to the Outdoors\",\"publisher\":{\"@id\":\"https:\\\/\\\/outdoorcouncil.ca\\\/fr\\\/#organization\"},\"potentialAction\":[{\"@type\":\"SearchAction\",\"target\":{\"@type\":\"EntryPoint\",\"urlTemplate\":\"https:\\\/\\\/outdoorcouncil.ca\\\/fr\\\/?s={search_term_string}\"},\"query-input\":{\"@type\":\"PropertyValueSpecification\",\"valueRequired\":true,\"valueName\":\"search_term_string\"}}],\"inLanguage\":\"fr-FR\"},{\"@type\":\"Organization\",\"@id\":\"https:\\\/\\\/outdoorcouncil.ca\\\/fr\\\/#organization\",\"name\":\"Outdoor Council of Canada\",\"url\":\"https:\\\/\\\/outdoorcouncil.ca\\\/fr\\\/\",\"logo\":{\"@type\":\"ImageObject\",\"inLanguage\":\"fr-FR\",\"@id\":\"https:\\\/\\\/outdoorcouncil.ca\\\/fr\\\/#\\\/schema\\\/logo\\\/image\\\/\",\"url\":\"https:\\\/\\\/outdoorcouncil.ca\\\/wp-content\\\/uploads\\\/2022\\\/08\\\/occ-logo.svg\",\"contentUrl\":\"https:\\\/\\\/outdoorcouncil.ca\\\/wp-content\\\/uploads\\\/2022\\\/08\\\/occ-logo.svg\",\"width\":85,\"height\":37,\"caption\":\"Outdoor Council of Canada\"},\"image\":{\"@id\":\"https:\\\/\\\/outdoorcouncil.ca\\\/fr\\\/#\\\/schema\\\/logo\\\/image\\\/\"}}]}<\/script>\n<!-- \/ Yoast SEO plugin. -->","yoast_head_json":{"title":"Devenez une instructeur(e) | Outdoor Council of Canada","description":"The OCC is the umbrella organization for the Canadian outdoor sector. OCC members represent the thousands of individuals and businesses who bring Canadians outdoors.","robots":{"index":"index","follow":"follow","max-snippet":"max-snippet:-1","max-image-preview":"max-image-preview:large","max-video-preview":"max-video-preview:-1"},"canonical":"https:\/\/outdoorcouncil.ca\/fr\/cours\/devenez-une-instructeure\/","og_locale":"fr_FR","og_type":"article","og_title":"Devenez une instructeur(e) | Outdoor Council of Canada","og_description":"The OCC is the umbrella organization for the Canadian outdoor sector. OCC members represent the thousands of individuals and businesses who bring Canadians outdoors.","og_url":"https:\/\/outdoorcouncil.ca\/fr\/cours\/devenez-une-instructeure\/","og_site_name":"Outdoor Council of Canada","article_modified_time":"2023-06-14T20:48:33+00:00","twitter_card":"summary_large_image","twitter_misc":{"Dur\u00e9e de lecture estim\u00e9e":"3 minutes"},"schema":{"@context":"https:\/\/schema.org","@graph":[{"@type":"WebPage","@id":"https:\/\/outdoorcouncil.ca\/fr\/cours\/devenez-une-instructeure\/","url":"https:\/\/outdoorcouncil.ca\/fr\/cours\/devenez-une-instructeure\/","name":"Devenez une instructeur(e) | Outdoor Council of Canada","isPartOf":{"@id":"https:\/\/outdoorcouncil.ca\/fr\/#website"},"datePublished":"2022-03-21T21:40:22+00:00","dateModified":"2023-06-14T20:48:33+00:00","description":"The OCC is the umbrella organization for the Canadian outdoor sector. OCC members represent the thousands of individuals and businesses who bring Canadians outdoors.","breadcrumb":{"@id":"https:\/\/outdoorcouncil.ca\/fr\/cours\/devenez-une-instructeure\/#breadcrumb"},"inLanguage":"fr-FR","potentialAction":[{"@type":"ReadAction","target":["https:\/\/outdoorcouncil.ca\/fr\/cours\/devenez-une-instructeure\/"]}]},{"@type":"BreadcrumbList","@id":"https:\/\/outdoorcouncil.ca\/fr\/cours\/devenez-une-instructeure\/#breadcrumb","itemListElement":[{"@type":"ListItem","position":1,"name":"Home","item":"https:\/\/outdoorcouncil.ca\/fr\/"},{"@type":"ListItem","position":2,"name":"Formations","item":"https:\/\/outdoorcouncil.ca\/fr\/cours\/"},{"@type":"ListItem","position":3,"name":"Devenez une instructeur(e)"}]},{"@type":"WebSite","@id":"https:\/\/outdoorcouncil.ca\/fr\/#website","url":"https:\/\/outdoorcouncil.ca\/fr\/","name":"Outdoor Council of Canada","description":"Connecting Canadians to the Outdoors","publisher":{"@id":"https:\/\/outdoorcouncil.ca\/fr\/#organization"},"potentialAction":[{"@type":"SearchAction","target":{"@type":"EntryPoint","urlTemplate":"https:\/\/outdoorcouncil.ca\/fr\/?s={search_term_string}"},"query-input":{"@type":"PropertyValueSpecification","valueRequired":true,"valueName":"search_term_string"}}],"inLanguage":"fr-FR"},{"@type":"Organization","@id":"https:\/\/outdoorcouncil.ca\/fr\/#organization","name":"Outdoor Council of Canada","url":"https:\/\/outdoorcouncil.ca\/fr\/","logo":{"@type":"ImageObject","inLanguage":"fr-FR","@id":"https:\/\/outdoorcouncil.ca\/fr\/#\/schema\/logo\/image\/","url":"https:\/\/outdoorcouncil.ca\/wp-content\/uploads\/2022\/08\/occ-logo.svg","contentUrl":"https:\/\/outdoorcouncil.ca\/wp-content\/uploads\/2022\/08\/occ-logo.svg","width":85,"height":37,"caption":"Outdoor Council of Canada"},"image":{"@id":"https:\/\/outdoorcouncil.ca\/fr\/#\/schema\/logo\/image\/"}}]}},"_links":{"self":[{"href":"https:\/\/outdoorcouncil.ca\/fr\/wp-json\/wp\/v2\/pages\/1871","targetHints":{"allow":["GET"]}}],"collection":[{"href":"https:\/\/outdoorcouncil.ca\/fr\/wp-json\/wp\/v2\/pages"}],"about":[{"href":"https:\/\/outdoorcouncil.ca\/fr\/wp-json\/wp\/v2\/types\/page"}],"author":[{"embeddable":true,"href":"https:\/\/outdoorcouncil.ca\/fr\/wp-json\/wp\/v2\/users\/1"}],"replies":[{"embeddable":true,"href":"https:\/\/outdoorcouncil.ca\/fr\/wp-json\/wp\/v2\/comments?post=1871"}],"version-history":[{"count":0,"href":"https:\/\/outdoorcouncil.ca\/fr\/wp-json\/wp\/v2\/pages\/1871\/revisions"}],"up":[{"embeddable":true,"href":"https:\/\/outdoorcouncil.ca\/fr\/wp-json\/wp\/v2\/pages\/1585"}],"wp:attachment":[{"href":"https:\/\/outdoorcouncil.ca\/fr\/wp-json\/wp\/v2\/media?parent=1871"}],"curies":[{"name":"wp","href":"https:\/\/api.w.org\/{rel}","templated":true}]}}