{"id":1859,"date":"2022-03-21T14:24:51","date_gmt":"2022-03-21T20:24:51","guid":{"rendered":"https:\/\/outdoorcouncil.ca\/ressources\/sommet-canadien-du-plein-air\/"},"modified":"2023-06-14T15:04:13","modified_gmt":"2023-06-14T21:04:13","slug":"sommet-canadien-du-plein-air","status":"publish","type":"page","link":"https:\/\/outdoorcouncil.ca\/fr\/ressources\/sommet-canadien-du-plein-air\/","title":{"rendered":"Sommet canadien du plein air"},"content":{"rendered":"\n<h2 class=\"wp-block-heading\"><strong>Ressources du Sommet canadien du plein air<\/strong><\/h2>\n\n<p>Le Sommet Canadien du plein air f\u00fbt un projet de concertation pour le milieu du plein air canadien. Le CCPA est fier d&rsquo;avoir servi comme promoteur du Sommet. Malheureusement, suites aux contraintes li\u00e9es \u00e0 la pand\u00e9mie COVID-19, le Sommet \u00e0 \u00e9t\u00e9 annul\u00e9. Les documents li\u00e9s au Sommet sont disponibles sur notre site web. ils sont accessibles \u00e0 tout individus ou organisation qui d\u00e9sirent les utiliser. Les documents sont disponibles sous une license \u00ab\u00a0creative commons\u00a0\u00bb Lorsque que vous utilisez ou faites une r\u00e9f\u00e9rence \u00e0 un des documents ci-dessous, veuillez faire une attribution au Sommet Canadien du plein air et aux auteur(s) du document sp\u00e9cifique.<\/p>\n\n<p><strong>D\u00e9velopper un \u00e9nonc\u00e9 de consensus sur les bienfaits des activit\u00e9s de plein air encadr\u00e9es.<\/strong><\/p>\n\n<p><a href=\"https:\/\/docs.google.com\/document\/d\/1HKNYFl_s3efQC0jtZkMouwwUN87g7ZcyhHqqtCtVItM\/edit?usp=sharing\" target=\"_blank\" rel=\"noreferrer noopener\">\u00c9nonc\u00e9 de bienfaits des activit\u00e9s de plein air encadr\u00e9es.<\/a><\/p>\n\n<p><a href=\"https:\/\/drive.google.com\/file\/d\/1aJdoQkEtKIStRcRxEwZS3cn0X4Kw4blM\/view?usp=sharing\" target=\"_blank\" rel=\"noreferrer noopener\">Nuage de mots bienfaits des activit\u00e9s de plein air encadr\u00e9es.<\/a><\/p>\n\n<p><a href=\"https:\/\/drive.google.com\/drive\/folders\/1RpVdaNyUyKmhPBLe8ARpotA5QNJ0htzs?usp=sharing\" target=\"_blank\" rel=\"noreferrer noopener\">Repertoire de mat\u00e9riel de source<\/a><\/p>\n\n<p><strong>Synth\u00e8se des prati<\/strong><strong>ques accept\u00e9es, structures et syst\u00e8mes li\u00e9es \u00e0 l&rsquo;offre de programme de plein air.<\/strong><\/p>\n\n<p><a href=\"https:\/\/www.outdoorcouncil.ca\/resources\/Documents\/Resources\/Workgroup%202%20Final%20Doc%20August%2023,%202021.pdf\" target=\"_blank\" rel=\"noreferrer noopener\">Workgroup 2 Final Doc August 23, 2021.pdf<\/a><\/p>\n\n<p><strong>Cr\u00e9er un cadre de r\u00e9f\u00e9rence pour les comp\u00e9tences des encadrants d&rsquo;activit\u00e9s de plein air. <\/strong><\/p>\n\n<p><a href=\"https:\/\/www.outdoorcouncil.ca\/resources\/Documents\/Resources\/WG3%20Summary%20Document%20(Sept%2010%202021%20-%20Final).pdf\" target=\"_blank\" rel=\"noreferrer noopener\">WG3 Summary Document (Sept 10 2021 &#8211; Final).pdf<\/a><\/p>\n\n<p><strong>Promouvoir l&rsquo;acc\u00e8s au plein air pour les individus ayant des besoins sp\u00e9cifiques li\u00e9s \u00e0 la mobilit\u00e9.<\/strong><\/p>\n\n<p><a href=\"https:\/\/www.outdoorcouncil.ca\/resources\/Documents\/Resources\/Approaches%20to%20Creating%20Inclusive%20Events%20and%20Outdoor%20Programs.pdf\" target=\"_blank\" rel=\"noreferrer noopener\">Approaches to Creating Inclusive Events and Outdoor Programs.pdf<\/a><\/p>\n\n<p><strong>Augmenter la capacit\u00e9 d&rsquo;inclusion pour les individus 2ELGBTQI dans les programmes de plein air.<\/strong><\/p>\n\n<p><a href=\"https:\/\/www.outdoorcouncil.ca\/resources\/Documents\/Resources\/Inclusiveness%20in%20the%20Outdoor%20Sector.pdf\" target=\"_blank\" rel=\"noreferrer noopener\">Inclusiveness in the Outdoor Sector.pdf<\/a><\/p>\n\n<p><strong>Rapport int\u00e9rimaire du Sommet canadien du plein air (automne 2020)<\/strong><\/p>\n\n<p><a href=\"https:\/\/www.outdoorcouncil.ca\/resources\/Documents\/Resources\/Canadian%20Outdoor%20Summit%20Interim%20Report.pdf\" target=\"_blank\" rel=\"noreferrer noopener\">Canadian Outdoor Summit Interim Report.pdf<\/a><\/p>\n","protected":false},"excerpt":{"rendered":"<p>Ressources du Sommet canadien du plein air Le Sommet Canadien du plein air f\u00fbt un projet de concertation pour le milieu du plein air canadien. Le CCPA est fier d&rsquo;avoir [&hellip;]<\/p>\n","protected":false},"author":1,"featured_media":0,"parent":1572,"menu_order":3,"comment_status":"closed","ping_status":"closed","template":"","meta":{"_acf_changed":false,"pmpro_default_level":"","inline_featured_image":false,"_price":"","_stock":"","_tribe_ticket_header":"","_tribe_default_ticket_provider":"","_tribe_ticket_capacity":"0","_ticket_start_date":"","_ticket_end_date":"","_tribe_ticket_show_description":"","_tribe_ticket_show_not_going":false,"_tribe_ticket_use_global_stock":"","_tribe_ticket_global_stock_level":"","_global_stock_mode":"","_global_stock_cap":"","_tribe_rsvp_for_event":"","_tribe_ticket_going_count":"","_tribe_ticket_not_going_count":"","_tribe_tickets_list":"[]","_tribe_ticket_has_attendee_info_fields":false,"footnotes":""},"class_list":["post-1859","page","type-page","status-publish","hentry","pmpro-has-access"],"acf":[],"yoast_head":"<!-- This site is optimized with the Yoast SEO plugin v27.4 - https:\/\/yoast.com\/product\/yoast-seo-wordpress\/ -->\n<title>Sommet canadien du plein air | Outdoor Council of Canada<\/title>\n<meta name=\"description\" content=\"The OCC is the umbrella organization for the Canadian outdoor sector. OCC members represent the thousands of individuals and businesses who bring Canadians outdoors.\" \/>\n<meta name=\"robots\" content=\"index, follow, max-snippet:-1, max-image-preview:large, max-video-preview:-1\" \/>\n<link rel=\"canonical\" href=\"https:\/\/outdoorcouncil.ca\/fr\/ressources\/sommet-canadien-du-plein-air\/\" \/>\n<meta property=\"og:locale\" content=\"fr_FR\" \/>\n<meta property=\"og:type\" content=\"article\" \/>\n<meta property=\"og:title\" content=\"Sommet canadien du plein air | Outdoor Council of Canada\" \/>\n<meta property=\"og:description\" content=\"The OCC is the umbrella organization for the Canadian outdoor sector. OCC members represent the thousands of individuals and businesses who bring Canadians outdoors.\" \/>\n<meta property=\"og:url\" content=\"https:\/\/outdoorcouncil.ca\/fr\/ressources\/sommet-canadien-du-plein-air\/\" \/>\n<meta property=\"og:site_name\" content=\"Outdoor Council of Canada\" \/>\n<meta property=\"article:modified_time\" content=\"2023-06-14T21:04:13+00:00\" \/>\n<meta name=\"twitter:card\" content=\"summary_large_image\" \/>\n<meta name=\"twitter:label1\" content=\"Dur\u00e9e de lecture estim\u00e9e\" \/>\n\t<meta name=\"twitter:data1\" content=\"1 minute\" \/>\n<script type=\"application\/ld+json\" class=\"yoast-schema-graph\">{\"@context\":\"https:\\\/\\\/schema.org\",\"@graph\":[{\"@type\":\"WebPage\",\"@id\":\"https:\\\/\\\/outdoorcouncil.ca\\\/fr\\\/ressources\\\/sommet-canadien-du-plein-air\\\/\",\"url\":\"https:\\\/\\\/outdoorcouncil.ca\\\/fr\\\/ressources\\\/sommet-canadien-du-plein-air\\\/\",\"name\":\"Sommet canadien du plein air | Outdoor Council of Canada\",\"isPartOf\":{\"@id\":\"https:\\\/\\\/outdoorcouncil.ca\\\/fr\\\/#website\"},\"datePublished\":\"2022-03-21T20:24:51+00:00\",\"dateModified\":\"2023-06-14T21:04:13+00:00\",\"description\":\"The OCC is the umbrella organization for the Canadian outdoor sector. OCC members represent the thousands of individuals and businesses who bring Canadians outdoors.\",\"breadcrumb\":{\"@id\":\"https:\\\/\\\/outdoorcouncil.ca\\\/fr\\\/ressources\\\/sommet-canadien-du-plein-air\\\/#breadcrumb\"},\"inLanguage\":\"fr-FR\",\"potentialAction\":[{\"@type\":\"ReadAction\",\"target\":[\"https:\\\/\\\/outdoorcouncil.ca\\\/fr\\\/ressources\\\/sommet-canadien-du-plein-air\\\/\"]}]},{\"@type\":\"BreadcrumbList\",\"@id\":\"https:\\\/\\\/outdoorcouncil.ca\\\/fr\\\/ressources\\\/sommet-canadien-du-plein-air\\\/#breadcrumb\",\"itemListElement\":[{\"@type\":\"ListItem\",\"position\":1,\"name\":\"Home\",\"item\":\"https:\\\/\\\/outdoorcouncil.ca\\\/fr\\\/\"},{\"@type\":\"ListItem\",\"position\":2,\"name\":\"Ressources\",\"item\":\"https:\\\/\\\/outdoorcouncil.ca\\\/fr\\\/resources\\\/\"},{\"@type\":\"ListItem\",\"position\":3,\"name\":\"Sommet canadien du plein air\"}]},{\"@type\":\"WebSite\",\"@id\":\"https:\\\/\\\/outdoorcouncil.ca\\\/fr\\\/#website\",\"url\":\"https:\\\/\\\/outdoorcouncil.ca\\\/fr\\\/\",\"name\":\"Outdoor Council of Canada\",\"description\":\"Connecting Canadians to the Outdoors\",\"publisher\":{\"@id\":\"https:\\\/\\\/outdoorcouncil.ca\\\/fr\\\/#organization\"},\"potentialAction\":[{\"@type\":\"SearchAction\",\"target\":{\"@type\":\"EntryPoint\",\"urlTemplate\":\"https:\\\/\\\/outdoorcouncil.ca\\\/fr\\\/?s={search_term_string}\"},\"query-input\":{\"@type\":\"PropertyValueSpecification\",\"valueRequired\":true,\"valueName\":\"search_term_string\"}}],\"inLanguage\":\"fr-FR\"},{\"@type\":\"Organization\",\"@id\":\"https:\\\/\\\/outdoorcouncil.ca\\\/fr\\\/#organization\",\"name\":\"Outdoor Council of Canada\",\"url\":\"https:\\\/\\\/outdoorcouncil.ca\\\/fr\\\/\",\"logo\":{\"@type\":\"ImageObject\",\"inLanguage\":\"fr-FR\",\"@id\":\"https:\\\/\\\/outdoorcouncil.ca\\\/fr\\\/#\\\/schema\\\/logo\\\/image\\\/\",\"url\":\"https:\\\/\\\/outdoorcouncil.ca\\\/wp-content\\\/uploads\\\/2022\\\/08\\\/occ-logo.svg\",\"contentUrl\":\"https:\\\/\\\/outdoorcouncil.ca\\\/wp-content\\\/uploads\\\/2022\\\/08\\\/occ-logo.svg\",\"width\":85,\"height\":37,\"caption\":\"Outdoor Council of Canada\"},\"image\":{\"@id\":\"https:\\\/\\\/outdoorcouncil.ca\\\/fr\\\/#\\\/schema\\\/logo\\\/image\\\/\"}}]}<\/script>\n<!-- \/ Yoast SEO plugin. -->","yoast_head_json":{"title":"Sommet canadien du plein air | Outdoor Council of Canada","description":"The OCC is the umbrella organization for the Canadian outdoor sector. OCC members represent the thousands of individuals and businesses who bring Canadians outdoors.","robots":{"index":"index","follow":"follow","max-snippet":"max-snippet:-1","max-image-preview":"max-image-preview:large","max-video-preview":"max-video-preview:-1"},"canonical":"https:\/\/outdoorcouncil.ca\/fr\/ressources\/sommet-canadien-du-plein-air\/","og_locale":"fr_FR","og_type":"article","og_title":"Sommet canadien du plein air | Outdoor Council of Canada","og_description":"The OCC is the umbrella organization for the Canadian outdoor sector. OCC members represent the thousands of individuals and businesses who bring Canadians outdoors.","og_url":"https:\/\/outdoorcouncil.ca\/fr\/ressources\/sommet-canadien-du-plein-air\/","og_site_name":"Outdoor Council of Canada","article_modified_time":"2023-06-14T21:04:13+00:00","twitter_card":"summary_large_image","twitter_misc":{"Dur\u00e9e de lecture estim\u00e9e":"1 minute"},"schema":{"@context":"https:\/\/schema.org","@graph":[{"@type":"WebPage","@id":"https:\/\/outdoorcouncil.ca\/fr\/ressources\/sommet-canadien-du-plein-air\/","url":"https:\/\/outdoorcouncil.ca\/fr\/ressources\/sommet-canadien-du-plein-air\/","name":"Sommet canadien du plein air | Outdoor Council of Canada","isPartOf":{"@id":"https:\/\/outdoorcouncil.ca\/fr\/#website"},"datePublished":"2022-03-21T20:24:51+00:00","dateModified":"2023-06-14T21:04:13+00:00","description":"The OCC is the umbrella organization for the Canadian outdoor sector. OCC members represent the thousands of individuals and businesses who bring Canadians outdoors.","breadcrumb":{"@id":"https:\/\/outdoorcouncil.ca\/fr\/ressources\/sommet-canadien-du-plein-air\/#breadcrumb"},"inLanguage":"fr-FR","potentialAction":[{"@type":"ReadAction","target":["https:\/\/outdoorcouncil.ca\/fr\/ressources\/sommet-canadien-du-plein-air\/"]}]},{"@type":"BreadcrumbList","@id":"https:\/\/outdoorcouncil.ca\/fr\/ressources\/sommet-canadien-du-plein-air\/#breadcrumb","itemListElement":[{"@type":"ListItem","position":1,"name":"Home","item":"https:\/\/outdoorcouncil.ca\/fr\/"},{"@type":"ListItem","position":2,"name":"Ressources","item":"https:\/\/outdoorcouncil.ca\/fr\/resources\/"},{"@type":"ListItem","position":3,"name":"Sommet canadien du plein air"}]},{"@type":"WebSite","@id":"https:\/\/outdoorcouncil.ca\/fr\/#website","url":"https:\/\/outdoorcouncil.ca\/fr\/","name":"Outdoor Council of Canada","description":"Connecting Canadians to the Outdoors","publisher":{"@id":"https:\/\/outdoorcouncil.ca\/fr\/#organization"},"potentialAction":[{"@type":"SearchAction","target":{"@type":"EntryPoint","urlTemplate":"https:\/\/outdoorcouncil.ca\/fr\/?s={search_term_string}"},"query-input":{"@type":"PropertyValueSpecification","valueRequired":true,"valueName":"search_term_string"}}],"inLanguage":"fr-FR"},{"@type":"Organization","@id":"https:\/\/outdoorcouncil.ca\/fr\/#organization","name":"Outdoor Council of Canada","url":"https:\/\/outdoorcouncil.ca\/fr\/","logo":{"@type":"ImageObject","inLanguage":"fr-FR","@id":"https:\/\/outdoorcouncil.ca\/fr\/#\/schema\/logo\/image\/","url":"https:\/\/outdoorcouncil.ca\/wp-content\/uploads\/2022\/08\/occ-logo.svg","contentUrl":"https:\/\/outdoorcouncil.ca\/wp-content\/uploads\/2022\/08\/occ-logo.svg","width":85,"height":37,"caption":"Outdoor Council of Canada"},"image":{"@id":"https:\/\/outdoorcouncil.ca\/fr\/#\/schema\/logo\/image\/"}}]}},"_links":{"self":[{"href":"https:\/\/outdoorcouncil.ca\/fr\/wp-json\/wp\/v2\/pages\/1859","targetHints":{"allow":["GET"]}}],"collection":[{"href":"https:\/\/outdoorcouncil.ca\/fr\/wp-json\/wp\/v2\/pages"}],"about":[{"href":"https:\/\/outdoorcouncil.ca\/fr\/wp-json\/wp\/v2\/types\/page"}],"author":[{"embeddable":true,"href":"https:\/\/outdoorcouncil.ca\/fr\/wp-json\/wp\/v2\/users\/1"}],"replies":[{"embeddable":true,"href":"https:\/\/outdoorcouncil.ca\/fr\/wp-json\/wp\/v2\/comments?post=1859"}],"version-history":[{"count":0,"href":"https:\/\/outdoorcouncil.ca\/fr\/wp-json\/wp\/v2\/pages\/1859\/revisions"}],"up":[{"embeddable":true,"href":"https:\/\/outdoorcouncil.ca\/fr\/wp-json\/wp\/v2\/pages\/1572"}],"wp:attachment":[{"href":"https:\/\/outdoorcouncil.ca\/fr\/wp-json\/wp\/v2\/media?parent=1859"}],"curies":[{"name":"wp","href":"https:\/\/api.w.org\/{rel}","templated":true}]}}