{"id":1621,"date":"2022-02-08T06:58:21","date_gmt":"2022-02-08T13:58:21","guid":{"rendered":"https:\/\/outdoorcouncil.ca\/ensemble-nous-allons-loin\/"},"modified":"2024-07-16T09:23:28","modified_gmt":"2024-07-16T15:23:28","slug":"ensemble-nous-allons-loin","status":"publish","type":"page","link":"https:\/\/outdoorcouncil.ca\/fr\/ensemble-nous-allons-loin\/","title":{"rendered":"Ensemble, nous allons loin"},"content":{"rendered":"\n<h2 class=\"wp-block-heading\">Faire sortir les Canadiens \u00e0 l&rsquo;ext\u00e9rieur<\/h2>\n\n<p>Le travail effectu\u00e9 par les programmes de plein air et les encadrants de plein air est incroyable. Le plein air apporte tellement d&rsquo;avantages \u00e0 notre pays et \u00e0 nos concitoyens. Si vous organisez des activit\u00e9s qui am\u00e8ne les gens \u00e0 l&rsquo;ext\u00e9rieur ou si vous les aidez \u00e0 le faire, vous \u00eates notre communaut\u00e9. Notre raison d&rsquo;\u00eatre est de vous servir dans vos d\u00e9marches. Nous cr\u00e9ons les conditions n\u00e9cessaires \u00e0 votre \u00e9panouissement et \u00e0 votre croissance.<\/p>\n\n<p>Le travail que vous r\u00e9alisez pour promouvoir les activit\u00e9s de plein air est vital \u00e0 bien des \u00e9gards, et notre force r\u00e9side dans la collaboration pour :<\/p>\n\n<ul class=\"wp-block-list\">\n<li>Contribuer \u00e0 une croissance \u00e9conomique durable,<\/li>\n\n\n\n<li>Renforcer le lien entre l&rsquo;humain et la nature,<\/li>\n\n\n\n<li>Promouvoir la r\u00e9silience en mati\u00e8re de sant\u00e9 mentale,<\/li>\n\n\n\n<li>Approfondir la connexion avec soi-m\u00eame,<\/li>\n\n\n\n<li>Renforcez les habitudes de vie saines,<\/li>\n\n\n\n<li>Et soutenir les liens communautaires.<\/li>\n<\/ul>\n\n<p>En fonction de la conception de l&rsquo;exp\u00e9rience de plein air que vous proposez, vous pouvez \u00e9galement renforcer l&rsquo;autonomie des individus, donner des le\u00e7ons dont on se souviendra toute sa vie, apporter des b\u00e9n\u00e9fices th\u00e9rapeutiques, \u00eatre un vecteur de v\u00e9rit\u00e9 et de r\u00e9conciliation, et vous apportez tr\u00e8s certainement une joie plus profonde \u00e0 vos participants.<\/p>\n\n<p>De notre point de vue, vous faites de la magie sur le terrain.<\/p>\n\n<p>Mais nous savons que vous avez les mains li\u00e9es par trop d&rsquo;obstacles.<\/p>\n\n<h2 class=\"wp-block-heading\">Les 12 barri\u00e8res auxquelles sont confront\u00e9s les programmes de plein air<\/h2>\n<div class=\"wp-block-image\">\n<figure class=\"aligncenter size-large is-resized\"><img loading=\"lazy\" decoding=\"async\" width=\"1024\" height=\"575\" src=\"https:\/\/outdoorcouncil.ca\/wp-content\/uploads\/2024\/01\/12-barriers-1024x575.png\" alt=\"\" class=\"wp-image-4031\" style=\"width:693px;height:auto\" srcset=\"https:\/\/outdoorcouncil.ca\/wp-content\/uploads\/2024\/01\/12-barriers-1024x575.png 1024w, https:\/\/outdoorcouncil.ca\/wp-content\/uploads\/2024\/01\/12-barriers-300x168.png 300w, https:\/\/outdoorcouncil.ca\/wp-content\/uploads\/2024\/01\/12-barriers-768x431.png 768w, https:\/\/outdoorcouncil.ca\/wp-content\/uploads\/2024\/01\/12-barriers-1536x863.png 1536w, https:\/\/outdoorcouncil.ca\/wp-content\/uploads\/2024\/01\/12-barriers-2048x1150.png 2048w\" sizes=\"auto, (max-width: 1024px) 100vw, 1024px\" \/><\/figure>\n<\/div>\n<p>Il est \u00e9tonnant de voir les programmes de plein air amener des centaines de milliers de personnes \u00e0 l&rsquo;ext\u00e9rieur alors que chacun d&rsquo;entre vous est confront\u00e9 \u00e0 des obstacles majeurs. L&rsquo;impact de chaque barri\u00e8re est profond et a un effet n\u00e9gatif significatif sur votre capacit\u00e9 \u00e0 faire ce que vous faites le mieux : amener les gens \u00e0 l&rsquo;ext\u00e9rieur (pour une description de chaque barri\u00e8re, cliquez sur l&rsquo;image).<\/p>\n\n<p>Le CCPA existe pour vous aider \u00e0 surmonter ces obstacles. Notre objectif est de cr\u00e9er les conditions n\u00e9cessaires \u00e0 votre \u00e9panouissement. Une fois que cela sera devenu une r\u00e9alit\u00e9, vous pourrez vous concentrer uniquement sur les activit\u00e9s que vous fournissez aux communaut\u00e9s que vous servez. Nous vous invitons \u00e0 nous joindre et \u00e0 fa\u00e7onner votre avenir. Cr\u00e9ons un pays o\u00f9 le secteur du plein air permet \u00e0 39,5 millions de Canadiens de faire l&rsquo;exp\u00e9rience du lien profond et des nombreux avantages associ\u00e9s aux activit\u00e9s de plein air.<\/p>\n\n<figure class=\"wp-block-image size-large\"><img loading=\"lazy\" decoding=\"async\" width=\"1024\" height=\"683\" src=\"https:\/\/outdoorcouncil.ca\/wp-content\/uploads\/2022\/05\/What-We-Do-Page-edited-1024x683.png\" alt=\"\" class=\"wp-image-800\" srcset=\"https:\/\/outdoorcouncil.ca\/wp-content\/uploads\/2022\/05\/What-We-Do-Page-edited-1024x683.png 1024w, https:\/\/outdoorcouncil.ca\/wp-content\/uploads\/2022\/05\/What-We-Do-Page-edited-300x200.png 300w, https:\/\/outdoorcouncil.ca\/wp-content\/uploads\/2022\/05\/What-We-Do-Page-edited-768x512.png 768w, https:\/\/outdoorcouncil.ca\/wp-content\/uploads\/2022\/05\/What-We-Do-Page-edited.png 1291w\" sizes=\"auto, (max-width: 1024px) 100vw, 1024px\" \/><\/figure>\n\n<h2 class=\"wp-block-heading\">Ce que nous faisons actuellement pour \u00e9liminer les obstacles<\/h2>\n\n<p>Il est difficile de faire face \u00e0 des obstacles non justifi\u00e9s. Cela peut vous amener \u00e0 vous sentir sous-estim\u00e9 et isol\u00e9. Vous avez maintenant une organisation nationale qui s&rsquo;efforce de promouvoir la valeur et la n\u00e9cessit\u00e9 des activit\u00e9s de plein air.<\/p>\n\n<ul class=\"wp-block-list\">\n<li><strong>Fab 1<\/strong> makes it easier for outdoor programs to get a permit to operate in parks and to receive better support when facing specific issues on land managed by a park entity.<\/li>\n\n\n\n<li><strong>Fab 2<\/strong> augmente la reconnaissance de la profession de guide d&rsquo;aventure, ce qui conduit \u00e0 de meilleurs salaires.<\/li>\n\n\n\n<li><strong>Fab 3<\/strong> Cr\u00e9e une r\u00e9alit\u00e9 o\u00f9 les administrateurs scolaires reconnaissent la valeur de l&rsquo;apprentissage en plein air et le r\u00f4le de ces activit\u00e9s p\u00e9dagogiques.<\/li>\n\n\n\n<li><strong>Fab 4<\/strong> m\u00e8ne \u00e0 un collectif d&rsquo;organisations de financement ax\u00e9es sur le plein air. Cela signifie que des millions de dollars sont disponibles pour soutenir les programmes de plein-air.<\/li>\n\n\n\n<li><strong>Fab 5<\/strong> Aider le gouvernement \u00e0 voir comment les activit\u00e9s de plein air peuvent soutenir les priorit\u00e9s nationales. Ceci permettra une croissance du financement pour le milieu et la mise en place de politiques appuyant le milieu.<\/li>\n<\/ul>\n\n<p>T\u00e9l\u00e9chargez notre brochure pour plus d&rsquo;informations sur chacun des <a href=\"https:\/\/outdoorcouncil.ca\/wp-content\/uploads\/2022\/12\/Fab-Five-Descriptor.pdf\" target=\"_blank\" rel=\"noreferrer noopener\">FAB 5.<\/a><\/p>\n\n<h2 class=\"wp-block-heading\">Devenez membre et fa\u00e7onnez votre avenir<\/h2>\n\n<p>Le CCPA est une organisation \u00e0 but non lucratif qui travaille au nom de ses membres pour renforcer les programmes de plein air et vous permettre d&rsquo;atteindre votre plein impact.<\/p>\n\n<p>En devenant membre de votre association sectorielle, vous jouez un r\u00f4le actif pour fa\u00e7onner l&rsquo;avenir du milieu du plein air au Canada.<\/p>\n\n<p>Un petit investissement nous permet de vous soutenir, en repr\u00e9sentant vos int\u00e9r\u00eats dans l&rsquo;ar\u00e8ne nationale.<\/p>\n\n<p>Les cotisations des membres permettent au CCPA d&rsquo;effectuer un travail plus large de plaidoyer et d&rsquo;\u00e9ducation pour \u00e9liminer les obstacles et assurer votre protection. Tout le monde y gagne<\/p>\n\n<p>En tant qu&rsquo;organisation appartenant \u00e0 ses membres, nous avons la force du nombre et la capacit\u00e9 d&rsquo;orienter l&rsquo;avenir des activit\u00e9s de plein air au Canada.<\/p>\n\n<p>Les avantages de l&rsquo;adh\u00e9sion comprennent :<\/p>\n\n<ul class=\"wp-block-list\">\n<li>Acc\u00e8s \u00e0 un r\u00e9seau national d&rsquo;experts en plein air,<\/li>\n\n\n\n<li>Acc\u00e8s \u00e0 des ressources couvrant une diversit\u00e9 de questions li\u00e9es \u00e0 l&rsquo;ext\u00e9rieur,<\/li>\n\n\n\n<li>Acc\u00e8s \u00e0 des offres de professionnels, \u00e0 des r\u00e9ductions pour les membres et \u00e0 un acc\u00e8s exclusif \u00e0 des services pertinents,<\/li>\n\n\n\n<li>Informations sur les possibilit\u00e9s d&#8217;emploi,<\/li>\n\n\n\n<li>La capacit\u00e9 d&rsquo;orienter l&rsquo;avenir du CCPA puisque nous sommes une organisation appartenant aux membres.<\/li>\n<\/ul>\n\n<p>En plus des avantages mentionn\u00e9s ci-dessus, les membres associ\u00e9s sont en mesure de profiter des services conseil du CCPA o\u00f9 nous pouvons vous aider \u00e0 :<\/p>\n\n<ul class=\"wp-block-list\">\n<li>La conception de votre programme, la gestion des risques et le d\u00e9veloppement commercial,<\/li>\n\n\n\n<li>L&rsquo;\u00e9laboration de plans strat\u00e9giques visant \u00e0 r\u00e9soudre vos principaux probl\u00e8mes en tant que programme de plein air,<\/li>\n\n\n\n<li>Acc\u00e8s \u00e0 des services d&rsquo;experts sp\u00e9cialement con\u00e7us pour les organisations et les entreprises.<\/li>\n<\/ul>\n\n<blockquote class=\"wp-block-quote is-layout-flow wp-block-quote-is-layout-flow\">\n<p>\u00ab\u00a0Le CCPA m&rsquo;a aid\u00e9 \u00e0 tracer une nouvelle carri\u00e8re pour moi. Pendant des ann\u00e9es, j&rsquo;ai occup\u00e9 un poste dans une entreprise, vivant de mes excursions en plein air le weekend. Maintenant, je prends mes weekends et je fais mes excursions en plein air pendant la semaine. Je suis guide occasionnel, mais mon objectif est de cr\u00e9er ma propre entreprise et d&rsquo;inciter les familles \u00e0 sortir et \u00e0 \u00eatre actives. Les cours que j&rsquo;ai suivis dans le cadre du CCPA m&rsquo;aident \u00e0 atteindre cet objectif.\u00a0\u00bb <\/p>\n<cite><strong>-Lynda, \u00e9crivain et amoureuse du plein air.<\/strong><\/cite><\/blockquote>\n\n<h2 class=\"wp-block-heading\">Vous n&rsquo;\u00eates pas encore s\u00fbr de vouloir devenir membre ?<\/h2>\n\n<p><a href=\"https:\/\/calendly.com\/franz-plangger\/55min\">Participez \u00e0 un<\/a> <a rel=\"noreferrer noopener\" href=\"https:\/\/calendly.com\/franz-plangger\/55min\" target=\"_blank\">appel exploratoire<\/a> avec Franz Plangger, le directeur g\u00e9n\u00e9ral du CCPA, et d\u00e9couvrez comment nous pouvons vous aider \u00e0 atteindre votre plein impact.<\/p>\n\n<p>Ensemble, nous allons loin. En travaillant avec nous et en investissant dans notre capacit\u00e9 \u00e0 servir les programmes de plein air, vous acc\u00e9l\u00e9rez la transformation n\u00e9cessaire pour que notre pays devienne une nation de plein air. La sant\u00e9 mentale, le changement climatique et la croissance \u00e9conomique durable ne sont que quelques-uns des domaines dans lesquels le secteur des activit\u00e9s de plein air peut aider notre soci\u00e9t\u00e9 \u00e0 relever certains de nos plus grands d\u00e9fis. Le moyen le plus efficace de garantir que vous serez reconnu comme faisant partie de la solution est d&rsquo;avoir une association forte qui repr\u00e9sente vos int\u00e9r\u00eats.<\/p>\n\n<p>Le temps presse pour nombre de ces d\u00e9fis. Travaillons ensemble pour \u00e9liminer les obstacles auxquels vous \u00eates confront\u00e9s. Le travail que vous faites est important.<\/p>\n","protected":false},"excerpt":{"rendered":"<p>Faire sortir les Canadiens \u00e0 l&rsquo;ext\u00e9rieur Le travail effectu\u00e9 par les programmes de plein air et les encadrants de plein air est incroyable. Le plein air apporte tellement d&rsquo;avantages \u00e0 [&hellip;]<\/p>\n","protected":false},"author":1,"featured_media":0,"parent":0,"menu_order":5,"comment_status":"closed","ping_status":"closed","template":"","meta":{"_acf_changed":false,"pmpro_default_level":"","inline_featured_image":false,"_price":"","_stock":"","_tribe_ticket_header":"","_tribe_default_ticket_provider":"","_tribe_ticket_capacity":"0","_ticket_start_date":"","_ticket_end_date":"","_tribe_ticket_show_description":"","_tribe_ticket_show_not_going":false,"_tribe_ticket_use_global_stock":"","_tribe_ticket_global_stock_level":"","_global_stock_mode":"","_global_stock_cap":"","_tribe_rsvp_for_event":"","_tribe_ticket_going_count":"","_tribe_ticket_not_going_count":"","_tribe_tickets_list":"[]","_tribe_ticket_has_attendee_info_fields":false,"footnotes":""},"class_list":["post-1621","page","type-page","status-publish","hentry","pmpro-has-access"],"acf":[],"yoast_head":"<!-- This site is optimized with the Yoast SEO plugin v27.3 - https:\/\/yoast.com\/product\/yoast-seo-wordpress\/ -->\n<title>Ensemble, nous allons loin | Outdoor Council of Canada<\/title>\n<meta name=\"description\" content=\"Le CCPA sert d&#039;organisation chapeautant le milieu du plein air canadien. Les membres du CCPA repr\u00e9sentent les milliers d&#039;individus et entreprises qui permettent aux Canadiens de profiter du plein air.\" \/>\n<meta name=\"robots\" content=\"index, follow, max-snippet:-1, max-image-preview:large, max-video-preview:-1\" \/>\n<link rel=\"canonical\" href=\"https:\/\/outdoorcouncil.ca\/fr\/ensemble-nous-allons-loin\/\" \/>\n<meta property=\"og:locale\" content=\"fr_FR\" \/>\n<meta property=\"og:type\" content=\"article\" \/>\n<meta property=\"og:title\" content=\"Ensemble, nous allons loin | Outdoor Council of Canada\" \/>\n<meta property=\"og:description\" content=\"Le CCPA sert d&#039;organisation chapeautant le milieu du plein air canadien. Les membres du CCPA repr\u00e9sentent les milliers d&#039;individus et entreprises qui permettent aux Canadiens de profiter du plein air.\" \/>\n<meta property=\"og:url\" content=\"https:\/\/outdoorcouncil.ca\/fr\/ensemble-nous-allons-loin\/\" \/>\n<meta property=\"og:site_name\" content=\"Outdoor Council of Canada\" \/>\n<meta property=\"article:modified_time\" content=\"2024-07-16T15:23:28+00:00\" \/>\n<meta property=\"og:image\" content=\"http:\/\/outdoorcouncil.ca\/wp-content\/uploads\/2024\/01\/12-barriers-1024x575.png\" \/>\n<meta name=\"twitter:card\" content=\"summary_large_image\" \/>\n<meta name=\"twitter:label1\" content=\"Dur\u00e9e de lecture estim\u00e9e\" \/>\n\t<meta name=\"twitter:data1\" content=\"6 minutes\" \/>\n<script type=\"application\/ld+json\" class=\"yoast-schema-graph\">{\"@context\":\"https:\\\/\\\/schema.org\",\"@graph\":[{\"@type\":\"WebPage\",\"@id\":\"https:\\\/\\\/outdoorcouncil.ca\\\/fr\\\/ensemble-nous-allons-loin\\\/\",\"url\":\"https:\\\/\\\/outdoorcouncil.ca\\\/fr\\\/ensemble-nous-allons-loin\\\/\",\"name\":\"Ensemble, nous allons loin | Outdoor Council of Canada\",\"isPartOf\":{\"@id\":\"https:\\\/\\\/outdoorcouncil.ca\\\/fr\\\/#website\"},\"primaryImageOfPage\":{\"@id\":\"https:\\\/\\\/outdoorcouncil.ca\\\/fr\\\/ensemble-nous-allons-loin\\\/#primaryimage\"},\"image\":{\"@id\":\"https:\\\/\\\/outdoorcouncil.ca\\\/fr\\\/ensemble-nous-allons-loin\\\/#primaryimage\"},\"thumbnailUrl\":\"http:\\\/\\\/outdoorcouncil.ca\\\/wp-content\\\/uploads\\\/2024\\\/01\\\/12-barriers-1024x575.png\",\"datePublished\":\"2022-02-08T13:58:21+00:00\",\"dateModified\":\"2024-07-16T15:23:28+00:00\",\"description\":\"Le CCPA sert d'organisation chapeautant le milieu du plein air canadien. Les membres du CCPA repr\u00e9sentent les milliers d'individus et entreprises qui permettent aux Canadiens de profiter du plein air.\",\"breadcrumb\":{\"@id\":\"https:\\\/\\\/outdoorcouncil.ca\\\/fr\\\/ensemble-nous-allons-loin\\\/#breadcrumb\"},\"inLanguage\":\"fr-FR\",\"potentialAction\":[{\"@type\":\"ReadAction\",\"target\":[\"https:\\\/\\\/outdoorcouncil.ca\\\/fr\\\/ensemble-nous-allons-loin\\\/\"]}]},{\"@type\":\"ImageObject\",\"inLanguage\":\"fr-FR\",\"@id\":\"https:\\\/\\\/outdoorcouncil.ca\\\/fr\\\/ensemble-nous-allons-loin\\\/#primaryimage\",\"url\":\"http:\\\/\\\/outdoorcouncil.ca\\\/wp-content\\\/uploads\\\/2024\\\/01\\\/12-barriers-1024x575.png\",\"contentUrl\":\"http:\\\/\\\/outdoorcouncil.ca\\\/wp-content\\\/uploads\\\/2024\\\/01\\\/12-barriers-1024x575.png\"},{\"@type\":\"BreadcrumbList\",\"@id\":\"https:\\\/\\\/outdoorcouncil.ca\\\/fr\\\/ensemble-nous-allons-loin\\\/#breadcrumb\",\"itemListElement\":[{\"@type\":\"ListItem\",\"position\":1,\"name\":\"Home\",\"item\":\"https:\\\/\\\/outdoorcouncil.ca\\\/fr\\\/\"},{\"@type\":\"ListItem\",\"position\":2,\"name\":\"Ensemble, nous allons loin\"}]},{\"@type\":\"WebSite\",\"@id\":\"https:\\\/\\\/outdoorcouncil.ca\\\/fr\\\/#website\",\"url\":\"https:\\\/\\\/outdoorcouncil.ca\\\/fr\\\/\",\"name\":\"Outdoor Council of Canada\",\"description\":\"Connecting Canadians to the Outdoors\",\"publisher\":{\"@id\":\"https:\\\/\\\/outdoorcouncil.ca\\\/fr\\\/#organization\"},\"potentialAction\":[{\"@type\":\"SearchAction\",\"target\":{\"@type\":\"EntryPoint\",\"urlTemplate\":\"https:\\\/\\\/outdoorcouncil.ca\\\/fr\\\/?s={search_term_string}\"},\"query-input\":{\"@type\":\"PropertyValueSpecification\",\"valueRequired\":true,\"valueName\":\"search_term_string\"}}],\"inLanguage\":\"fr-FR\"},{\"@type\":\"Organization\",\"@id\":\"https:\\\/\\\/outdoorcouncil.ca\\\/fr\\\/#organization\",\"name\":\"Outdoor Council of Canada\",\"url\":\"https:\\\/\\\/outdoorcouncil.ca\\\/fr\\\/\",\"logo\":{\"@type\":\"ImageObject\",\"inLanguage\":\"fr-FR\",\"@id\":\"https:\\\/\\\/outdoorcouncil.ca\\\/fr\\\/#\\\/schema\\\/logo\\\/image\\\/\",\"url\":\"https:\\\/\\\/outdoorcouncil.ca\\\/wp-content\\\/uploads\\\/2022\\\/08\\\/occ-logo.svg\",\"contentUrl\":\"https:\\\/\\\/outdoorcouncil.ca\\\/wp-content\\\/uploads\\\/2022\\\/08\\\/occ-logo.svg\",\"width\":85,\"height\":37,\"caption\":\"Outdoor Council of Canada\"},\"image\":{\"@id\":\"https:\\\/\\\/outdoorcouncil.ca\\\/fr\\\/#\\\/schema\\\/logo\\\/image\\\/\"}}]}<\/script>\n<!-- \/ Yoast SEO plugin. -->","yoast_head_json":{"title":"Ensemble, nous allons loin | Outdoor Council of Canada","description":"Le CCPA sert d'organisation chapeautant le milieu du plein air canadien. Les membres du CCPA repr\u00e9sentent les milliers d'individus et entreprises qui permettent aux Canadiens de profiter du plein air.","robots":{"index":"index","follow":"follow","max-snippet":"max-snippet:-1","max-image-preview":"max-image-preview:large","max-video-preview":"max-video-preview:-1"},"canonical":"https:\/\/outdoorcouncil.ca\/fr\/ensemble-nous-allons-loin\/","og_locale":"fr_FR","og_type":"article","og_title":"Ensemble, nous allons loin | Outdoor Council of Canada","og_description":"Le CCPA sert d'organisation chapeautant le milieu du plein air canadien. Les membres du CCPA repr\u00e9sentent les milliers d'individus et entreprises qui permettent aux Canadiens de profiter du plein air.","og_url":"https:\/\/outdoorcouncil.ca\/fr\/ensemble-nous-allons-loin\/","og_site_name":"Outdoor Council of Canada","article_modified_time":"2024-07-16T15:23:28+00:00","og_image":[{"url":"http:\/\/outdoorcouncil.ca\/wp-content\/uploads\/2024\/01\/12-barriers-1024x575.png","type":"","width":"","height":""}],"twitter_card":"summary_large_image","twitter_misc":{"Dur\u00e9e de lecture estim\u00e9e":"6 minutes"},"schema":{"@context":"https:\/\/schema.org","@graph":[{"@type":"WebPage","@id":"https:\/\/outdoorcouncil.ca\/fr\/ensemble-nous-allons-loin\/","url":"https:\/\/outdoorcouncil.ca\/fr\/ensemble-nous-allons-loin\/","name":"Ensemble, nous allons loin | Outdoor Council of Canada","isPartOf":{"@id":"https:\/\/outdoorcouncil.ca\/fr\/#website"},"primaryImageOfPage":{"@id":"https:\/\/outdoorcouncil.ca\/fr\/ensemble-nous-allons-loin\/#primaryimage"},"image":{"@id":"https:\/\/outdoorcouncil.ca\/fr\/ensemble-nous-allons-loin\/#primaryimage"},"thumbnailUrl":"http:\/\/outdoorcouncil.ca\/wp-content\/uploads\/2024\/01\/12-barriers-1024x575.png","datePublished":"2022-02-08T13:58:21+00:00","dateModified":"2024-07-16T15:23:28+00:00","description":"Le CCPA sert d'organisation chapeautant le milieu du plein air canadien. Les membres du CCPA repr\u00e9sentent les milliers d'individus et entreprises qui permettent aux Canadiens de profiter du plein air.","breadcrumb":{"@id":"https:\/\/outdoorcouncil.ca\/fr\/ensemble-nous-allons-loin\/#breadcrumb"},"inLanguage":"fr-FR","potentialAction":[{"@type":"ReadAction","target":["https:\/\/outdoorcouncil.ca\/fr\/ensemble-nous-allons-loin\/"]}]},{"@type":"ImageObject","inLanguage":"fr-FR","@id":"https:\/\/outdoorcouncil.ca\/fr\/ensemble-nous-allons-loin\/#primaryimage","url":"http:\/\/outdoorcouncil.ca\/wp-content\/uploads\/2024\/01\/12-barriers-1024x575.png","contentUrl":"http:\/\/outdoorcouncil.ca\/wp-content\/uploads\/2024\/01\/12-barriers-1024x575.png"},{"@type":"BreadcrumbList","@id":"https:\/\/outdoorcouncil.ca\/fr\/ensemble-nous-allons-loin\/#breadcrumb","itemListElement":[{"@type":"ListItem","position":1,"name":"Home","item":"https:\/\/outdoorcouncil.ca\/fr\/"},{"@type":"ListItem","position":2,"name":"Ensemble, nous allons loin"}]},{"@type":"WebSite","@id":"https:\/\/outdoorcouncil.ca\/fr\/#website","url":"https:\/\/outdoorcouncil.ca\/fr\/","name":"Outdoor Council of Canada","description":"Connecting Canadians to the Outdoors","publisher":{"@id":"https:\/\/outdoorcouncil.ca\/fr\/#organization"},"potentialAction":[{"@type":"SearchAction","target":{"@type":"EntryPoint","urlTemplate":"https:\/\/outdoorcouncil.ca\/fr\/?s={search_term_string}"},"query-input":{"@type":"PropertyValueSpecification","valueRequired":true,"valueName":"search_term_string"}}],"inLanguage":"fr-FR"},{"@type":"Organization","@id":"https:\/\/outdoorcouncil.ca\/fr\/#organization","name":"Outdoor Council of Canada","url":"https:\/\/outdoorcouncil.ca\/fr\/","logo":{"@type":"ImageObject","inLanguage":"fr-FR","@id":"https:\/\/outdoorcouncil.ca\/fr\/#\/schema\/logo\/image\/","url":"https:\/\/outdoorcouncil.ca\/wp-content\/uploads\/2022\/08\/occ-logo.svg","contentUrl":"https:\/\/outdoorcouncil.ca\/wp-content\/uploads\/2022\/08\/occ-logo.svg","width":85,"height":37,"caption":"Outdoor Council of Canada"},"image":{"@id":"https:\/\/outdoorcouncil.ca\/fr\/#\/schema\/logo\/image\/"}}]}},"_links":{"self":[{"href":"https:\/\/outdoorcouncil.ca\/fr\/wp-json\/wp\/v2\/pages\/1621","targetHints":{"allow":["GET"]}}],"collection":[{"href":"https:\/\/outdoorcouncil.ca\/fr\/wp-json\/wp\/v2\/pages"}],"about":[{"href":"https:\/\/outdoorcouncil.ca\/fr\/wp-json\/wp\/v2\/types\/page"}],"author":[{"embeddable":true,"href":"https:\/\/outdoorcouncil.ca\/fr\/wp-json\/wp\/v2\/users\/1"}],"replies":[{"embeddable":true,"href":"https:\/\/outdoorcouncil.ca\/fr\/wp-json\/wp\/v2\/comments?post=1621"}],"version-history":[{"count":0,"href":"https:\/\/outdoorcouncil.ca\/fr\/wp-json\/wp\/v2\/pages\/1621\/revisions"}],"wp:attachment":[{"href":"https:\/\/outdoorcouncil.ca\/fr\/wp-json\/wp\/v2\/media?parent=1621"}],"curies":[{"name":"wp","href":"https:\/\/api.w.org\/{rel}","templated":true}]}}