{"id":1617,"date":"2022-02-08T06:28:27","date_gmt":"2022-02-08T13:28:27","guid":{"rendered":"https:\/\/outdoorcouncil.ca\/a-propos-de-nous\/notre-histoire\/"},"modified":"2023-06-14T14:27:28","modified_gmt":"2023-06-14T20:27:28","slug":"notre-histoire","status":"publish","type":"page","link":"https:\/\/outdoorcouncil.ca\/fr\/a-propos-de-nous\/notre-histoire\/","title":{"rendered":"Historique du CCPA"},"content":{"rendered":"\n<h2 class=\"wp-block-heading\"><strong>Se r\u00e9unir : Une id\u00e9e qui se d\u00e9veloppait depuis longtemps. <\/strong><\/h2>\n\n<p>Au cours des 60 derni\u00e8res ann\u00e9es, de nombreux Canadiens ont r\u00eav\u00e9 de cr\u00e9er une organisation qui <strong>repr\u00e9senterait les nombreux praticiens et organisations offrant des exp\u00e9riences plein air.<\/strong><\/p>\n\n<p>Au fil des ans, plusieurs groupes ont \u00e9t\u00e9 cr\u00e9e pour s&rsquo;attaquer aux probl\u00e8mes des normes de gestion des risques, de l&rsquo;acc\u00e8s aux terres de la Couronne, du manque de personnel qualifi\u00e9 et des perceptions n\u00e9gatives du public \u00e0 l&rsquo;\u00e9gard des activit\u00e9s de plein air.<\/p>\n\n<p>Cependant, la plupart de ces initiatives ont \u00e9t\u00e9 de courte dur\u00e9e car elles ne disposaient pas des ressources et du soutien n\u00e9cessaires pour s&rsquo;attaquer \u00e0 ces questions complexes.<\/p>\n\n<p>Au d\u00e9but des ann\u00e9es 2000, un terrible accident \u00e0 Rogers Pass (Colombie britannique) a co\u00fbt\u00e9 la vie \u00e0 7 \u00e9tudiants, et un autre \u00e0 2 \u00e9tudiants de Calgary lors d&rsquo;une randonn\u00e9e en Californie. Ces trag\u00e9dies ont eu un effet d&rsquo;entra\u00eenement sur l&rsquo;ensemble de la communaut\u00e9 des activit\u00e9s de plein air et de nombreuses parties prenantes ont \u00e9t\u00e9 affect\u00e9es de mani\u00e8re n\u00e9gative. <\/p>\n\n<p>En cons\u00e9quence, de nouvelles r\u00e9glementations sont apparues, certaines commissions scolaires ont annul\u00e9 leurs programmes de plein air, les prestataires de services ont \u00e9t\u00e9 interrog\u00e9s sur leurs politiques et les animateurs de plein air ont \u00e9t\u00e9 confront\u00e9s \u00e0 des d\u00e9fis de plus en plus nombreux.<\/p>\n\n<h2 class=\"wp-block-heading\"><strong>Une organisation prend position et fait une offre g\u00e9n\u00e9reuse<\/strong><\/h2>\n\n<p>\u00c0 l&rsquo;automne 2008, Kurt Kinnear, directeur du Outdoor center de l&rsquo;Universit\u00e9 de Calgary, a contact\u00e9 Albi Sole pour savoir s&rsquo;il accepterait de consacrer une grande partie de sa t\u00e2che \u00e0 la cr\u00e9ation d&rsquo;une organisation nationale orient\u00e9 <strong>sur la promotion des activit\u00e9s de plein air \u00e0 faible risque.<\/strong>. Au cours des six ann\u00e9es suivantes, l&rsquo;\u00e9quipe du centre de plein air a d\u00e9charg\u00e9 Albi de certaines de ses responsabilit\u00e9s afin qu&rsquo;il puisse se consacrer \u00e0 ce travail important.<\/p>\n\n<p>Albi a entam\u00e9 le processus de consultation des parties prenantes locales et nationales. Ce processus de consultation a r\u00e9v\u00e9l\u00e9 que :<\/p>\n\n<ul class=\"wp-block-list\"><li>De nombreuses personnes \u00e0 travers le pays ont compris la n\u00e9cessit\u00e9 d&rsquo;agir.<\/li><li>Il est n\u00e9cessaire de cr\u00e9er des initiatives nationales qui soutiennent les prestataires d&rsquo;activit\u00e9s de plein air.<\/li><li>Il \u00e9tait n\u00e9cessaire de cr\u00e9er un processus de certification nationale pour les encadrants de plein air d\u00e9butants.<\/li><\/ul>\n\n<p><strong>Le besoin \u00e9tait \u00e9vident, l&rsquo;\u00e9nergie \u00e9tait pr\u00e9sente, les ressources \u00e9taient disponibles et le moment \u00e9tait venu.<\/strong><\/p>\n\n<h2 class=\"wp-block-heading\">22 novembre 2008<\/h2>\n\n<p>Par un samedi clair et venteux, 21 gestionnaires repr\u00e9sentant l&rsquo;enseignement public et priv\u00e9, l&rsquo;enseignement postsecondaire, les camps d&rsquo;\u00e9t\u00e9, l&rsquo;enseignement exp\u00e9rientiel de plein air, les organismes de certification, la th\u00e9rapie par l&rsquo;aventure, les gestionnaires de terrains et les amateurs de plein air se sont r\u00e9unis \u00e0 Calgary pour discuter des d\u00e9fis auxquels est confront\u00e9 le milieu du plein air et proposer des solutions.<\/p>\n\n<p><strong>Les fondateurs ont d\u00e9cid\u00e9 de cr\u00e9er une organisation nationale appel\u00e9e \u00ab\u00a0Conseil canadien de plein-air\u00a0\u00bb\/\u00a0\u00bbOutdoor Council of Canada\u00a0\u00bb. <\/strong>Afin de garantir que le Conseil s&rsquo;attache \u00e0 servir les int\u00e9r\u00eats de la communaut\u00e9 au sens large, les \u00ab\u00a0propri\u00e9taires\u00a0\u00bb seront des praticiens individuels. La mission du conseil serait de <strong><em>promouvoir et de permettre une \u00e9ducation et des loisirs accessibles en plein air<\/em><\/strong>.<\/p>\n\n<p>Plein d&rsquo;espoir, ce groupe de b\u00e9n\u00e9voles a entrepris de cr\u00e9er les structures n\u00e9cessaires pour soutenir la croissance d&rsquo;une telle organisation.<\/p>\n\n<figure class=\"wp-block-image size-large\"><img loading=\"lazy\" decoding=\"async\" width=\"1024\" height=\"771\" src=\"https:\/\/outdoorcouncil.ca\/wp-content\/uploads\/2022\/05\/occ-history-paddling-1024x771.webp\" alt=\"\" class=\"wp-image-1095\" srcset=\"https:\/\/outdoorcouncil.ca\/wp-content\/uploads\/2022\/05\/occ-history-paddling-1024x771.webp 1024w, https:\/\/outdoorcouncil.ca\/wp-content\/uploads\/2022\/05\/occ-history-paddling-300x226.webp 300w, https:\/\/outdoorcouncil.ca\/wp-content\/uploads\/2022\/05\/occ-history-paddling-768x578.webp 768w, https:\/\/outdoorcouncil.ca\/wp-content\/uploads\/2022\/05\/occ-history-paddling.webp 1200w\" sizes=\"auto, (max-width: 1024px) 100vw, 1024px\" \/><\/figure>\n\n<h3 class=\"wp-block-heading\"><strong>Plus que des formations, le CCPA se concentre sur les individus.<\/strong><\/h3>\n\n<p>Petit \u00e0 petit, ce petit groupe de leaders du mileu s&rsquo;est agrandi. Des personnes motiv\u00e9es ont cr\u00e9\u00e9 des groupes r\u00e9gionaux en Colombie-Britannique, en Alberta, en Nouvelle-\u00c9cosse et au Yukon. Des organisations telles que la <strong>F\u00e9d\u00e9ration canadienne de la faune, l&rsquo;Universit\u00e9 Capilano et Hike Nova Scotia<\/strong> ont compris la valeur du CCPA et sont devenues des collaborateurs actifs.<\/p>\n\n<p>Cette croissance n&rsquo;aurait pas \u00e9t\u00e9 possible sans le soutien direct du <strong>Outdoor center de l&rsquo;universit\u00e9 de Calgary.<\/strong> Pendant sept ans, l&rsquo;Outdoor Center a respect\u00e9 son engagement envers le CCPA. Par la suite, Albi a pris sa retraite du Outdoor Center et s&rsquo;est consacr\u00e9 enti\u00e8rement \u00e0 la croissance du CCPA. <strong>Nous souhaitons exprimer notre plus profonde gratitude au Outdoor Center.<\/strong> Leur soutien financier essentiel a \u00e9t\u00e9 primordial au cours de nos premi\u00e8res ann\u00e9es.<\/p>\n\n<p>\u00c0 ce jour, le CCPA continue de <strong>se d\u00e9velopper avec un int\u00e9r\u00eat croissant \u00e0 travers le pays. <\/strong>Des discussions avec d&rsquo;autres organisations sont en cours. Le CCPA est constamment \u00e0 la recherche de moyens concrets de collaborer avec d&rsquo;autres pour promouvoir des exp\u00e9riences de qualit\u00e9 en plein air. Nous sommes engag\u00e9s dans des partenariats significatifs avec de nombreuses organisations.<\/p>\n\n<h3 class=\"wp-block-heading\">Le premier succ\u00e8s<\/h3>\n\n<p><strong>En moins de 18 mois<\/strong>, le CCPA avait d\u00e9j\u00e0 atteint des objectifs cl\u00e9s. La premi\u00e8re assembl\u00e9e g\u00e9n\u00e9rale annuelle s&rsquo;est tenue avec succ\u00e8s, un conseil d&rsquo;administration a \u00e9t\u00e9 \u00e9lu et le comit\u00e9 p\u00e9dagogique a \u00e9t\u00e9 cr\u00e9\u00e9. Ce comit\u00e9, compos\u00e9 d&rsquo;experts en activit\u00e9s de plein air \u00e0 travers le pays, \u00e9tait charg\u00e9 d&rsquo;<strong> \u00e9laborer des formations pour les encadrant de plein air d\u00e9butants.<\/strong><\/p>\n\n<p>En mai 2010, la premi\u00e8re version du cours de <strong>Leader terrain<\/strong> a \u00e9t\u00e9 organis\u00e9e avec un petit groupe de praticiens de plein air. Ce cours, fond\u00e9 sur la connaissnace accumul\u00e9e \u00e0 travers des d\u00e9cennies d&rsquo;exp\u00e9rience en mati\u00e8re d&rsquo;activit\u00e9s de plein air, offre un <strong>ensemble simple, mais complet, mettant en \u00e9vidence les pratiques les plus importantes pour devenir un encadrant efficace en mati\u00e8re d&rsquo;activit\u00e9s de plein air.<\/strong><\/p>\n\n<p>Au cours de l&rsquo;ann\u00e9e suivante, la formation a \u00e9t\u00e9 affin\u00e9 et am\u00e9lior\u00e9. C&rsquo;est ce qui a inspir\u00e9 la cr\u00e9ation du <strong>programme Leader terrain<\/strong>, une s\u00e9rie de six cours qui offrent une formation en encadrement en mati\u00e8re de <strong>randonn\u00e9e, pagaie, navigation, \u00e9quitation, milieu hivernal et multi-jour.<\/strong><\/p>\n\n<p>Au cours des cinq prochaines ann\u00e9es, les formation Leader terrain seront dispens\u00e9s par plus de 150 instructeurs et 1200 encadrants de plein air dans tout le pays.<\/p>\n\n<p>Depuis sa cr\u00e9ation, les concepts souples et unificateurs du programme Leader terrainont jou\u00e9 <strong>un r\u00f4le essentiel dans le d\u00e9veloppement d&rsquo;un langage commun \u00e0 travers le pays<\/strong> et dans l&rsquo;\u00e9tablissement des bases du d\u00e9veloppement d&rsquo;une communaut\u00e9 de plein air forte.<\/p>\n\n<h3 class=\"wp-block-heading\">D&rsquo;organisme de certification \u00e0 association sectorielle au service du milieu<\/h3>\n\n<p>Apr\u00e8s avoir atteint sa dixi\u00e8me ann\u00e9e de fonctionnement, il \u00e9tait temps pour le CCPA de regarder au-del\u00e0 du programme Leader terrain. Les formations ont permis de donner \u00e0 des personnes de tous horizons les moyens d&rsquo;offrir des exp\u00e9riences de plein air de qualit\u00e9. Cependant, accro\u00eetre les connaissances en mati\u00e8re d&rsquo;encadrement plein air n&rsquo;\u00e9tait pas suffisant pour v\u00e9ritablement accomplir la mission du CCPA.<\/p>\n\n<p>Les programmes de plein air et les encadrants plein air \u00e9taient confront\u00e9s \u00e0 de nombreuses barri\u00e8res structurelles qui entravaient leur capacit\u00e9 \u00e0 offrir des activit\u00e9s \u00e0 l&rsquo;ext\u00e9rieur. Ces obstacles ont eu des r\u00e9percussions n\u00e9gatives importantes sur la soci\u00e9t\u00e9 canadienne, car tous les programmes de plein air contribuent \u00e0 une croissance \u00e9conomique durable, renforcent le lien entre les gens et la nature, favorisent la r\u00e9silience en mati\u00e8re de sant\u00e9 mentale, approfondissent le lien interpersonnel, renforcent les habitudes de vie saine et soutiennent les liens communautaires. Le CCPA savait qu&rsquo;il avait la capacit\u00e9 de changer les choses et a ajout\u00e9 l&rsquo;\u00e9limination de ces barri\u00e8res structurelles \u00e0 son domaine d&rsquo;intervention.<\/p>\n\n<p>En 2018, le CCPA a r\u00e9uni un collectif de leaders de la communaut\u00e9 du plein air pour concevoir et mettre en \u0153uvre le tout premier Sommet canadien du plein air. Le Sommet \u00e9tait un projet \u00e9pique, national et historique visant \u00e0 co-cr\u00e9er une r\u00e9alit\u00e9 o\u00f9<strong> les programmes de plein air peuvent prosp\u00e9rer et \u00eatre appr\u00e9ci\u00e9s \u00e0 leur juste valeur. <\/strong>Il a permis la cr\u00e9ation d&rsquo;une communaut\u00e9 nationale de plein air plus unifi\u00e9e.<\/p>\n\n<p>Le sommet devait se conclure \u00e0 l&rsquo;automne 2020. La pand\u00e9mie de COVID a entra\u00een\u00e9 une prolongation du projet jusqu&rsquo;en 2022. \u00c0 partir du sommet, une s\u00e9rie de cadres ont \u00e9t\u00e9 cr\u00e9\u00e9s par le milieu du plein air pour le milieu du plein air. Vous pouvez trouver ces <a href=\"https:\/\/outdoorcouncil.ca\/resources\/canadian-outdoor-summit\/\" data-type=\"page\" data-id=\"197\">documents<\/a> sur notre site web.<\/p>\n\n<p>Following the Summit, the OCC continued its efforts to address structural barriers and engage with partners to leverage each organization\u2019s expertise and achieve our common goals. You will find a description of our current projects on this <a href=\"https:\/\/outdoorcouncil.ca\/sign-up\/\">page<\/a>.<\/p>\n\n<p>Bien que l&rsquo;avenir soit impossible \u00e0 pr\u00e9voir, nous avons raisons d&rsquo;\u00eatre optimistes. Beaucoup a \u00e9t\u00e9 fait depuis novembre 2008 et beaucoup reste \u00e0 faire. C&rsquo;est avec un <strong>enthousiasme renouvel\u00e9 que les membres et le personnel du CCPA travaillent \u00e0 connecter solidement les activit\u00e9s de plein air au patrimoine Canadien.<\/strong><\/p>\n\n<p>Avec tous les d\u00e9fis et les succ\u00e8s qui nous attendent, la seule question qui compte est : <strong>joindrez-vous l&rsquo;\u00e9paule \u00e0 la roue?<\/strong><\/p>\n","protected":false},"excerpt":{"rendered":"<p>Se r\u00e9unir : Une id\u00e9e qui se d\u00e9veloppait depuis longtemps. Au cours des 60 derni\u00e8res ann\u00e9es, de nombreux Canadiens ont r\u00eav\u00e9 de cr\u00e9er une organisation qui repr\u00e9senterait les nombreux praticiens [&hellip;]<\/p>\n","protected":false},"author":1,"featured_media":0,"parent":1574,"menu_order":0,"comment_status":"closed","ping_status":"closed","template":"","meta":{"_acf_changed":false,"pmpro_default_level":"","inline_featured_image":false,"_price":"","_stock":"","_tribe_ticket_header":"","_tribe_default_ticket_provider":"","_tribe_ticket_capacity":"0","_ticket_start_date":"","_ticket_end_date":"","_tribe_ticket_show_description":"","_tribe_ticket_show_not_going":false,"_tribe_ticket_use_global_stock":"","_tribe_ticket_global_stock_level":"","_global_stock_mode":"","_global_stock_cap":"","_tribe_rsvp_for_event":"","_tribe_ticket_going_count":"","_tribe_ticket_not_going_count":"","_tribe_tickets_list":"[]","_tribe_ticket_has_attendee_info_fields":false,"footnotes":""},"class_list":["post-1617","page","type-page","status-publish","hentry","pmpro-has-access"],"acf":[],"yoast_head":"<!-- This site is optimized with the Yoast SEO plugin v27.3 - https:\/\/yoast.com\/product\/yoast-seo-wordpress\/ -->\n<title>Historique du CCPA | Outdoor Council of Canada<\/title>\n<meta name=\"description\" content=\"The OCC is the umbrella organization for the Canadian outdoor sector. OCC members represent the thousands of individuals and businesses who bring Canadians outdoors.\" \/>\n<meta name=\"robots\" content=\"index, follow, max-snippet:-1, max-image-preview:large, max-video-preview:-1\" \/>\n<link rel=\"canonical\" href=\"https:\/\/outdoorcouncil.ca\/fr\/a-propos-de-nous\/notre-histoire\/\" \/>\n<meta property=\"og:locale\" content=\"fr_FR\" \/>\n<meta property=\"og:type\" content=\"article\" \/>\n<meta property=\"og:title\" content=\"Historique du CCPA | Outdoor Council of Canada\" \/>\n<meta property=\"og:description\" content=\"The OCC is the umbrella organization for the Canadian outdoor sector. OCC members represent the thousands of individuals and businesses who bring Canadians outdoors.\" \/>\n<meta property=\"og:url\" content=\"https:\/\/outdoorcouncil.ca\/fr\/a-propos-de-nous\/notre-histoire\/\" \/>\n<meta property=\"og:site_name\" content=\"Outdoor Council of Canada\" \/>\n<meta property=\"article:modified_time\" content=\"2023-06-14T20:27:28+00:00\" \/>\n<meta property=\"og:image\" content=\"http:\/\/outdoorcouncil.ca\/wp-content\/uploads\/2022\/05\/occ-history-paddling-1024x771.webp\" \/>\n<meta name=\"twitter:card\" content=\"summary_large_image\" \/>\n<meta name=\"twitter:label1\" content=\"Dur\u00e9e de lecture estim\u00e9e\" \/>\n\t<meta name=\"twitter:data1\" content=\"7 minutes\" \/>\n<script type=\"application\/ld+json\" class=\"yoast-schema-graph\">{\"@context\":\"https:\\\/\\\/schema.org\",\"@graph\":[{\"@type\":\"WebPage\",\"@id\":\"https:\\\/\\\/outdoorcouncil.ca\\\/fr\\\/a-propos-de-nous\\\/notre-histoire\\\/\",\"url\":\"https:\\\/\\\/outdoorcouncil.ca\\\/fr\\\/a-propos-de-nous\\\/notre-histoire\\\/\",\"name\":\"Historique du CCPA | Outdoor Council of Canada\",\"isPartOf\":{\"@id\":\"https:\\\/\\\/outdoorcouncil.ca\\\/fr\\\/#website\"},\"primaryImageOfPage\":{\"@id\":\"https:\\\/\\\/outdoorcouncil.ca\\\/fr\\\/a-propos-de-nous\\\/notre-histoire\\\/#primaryimage\"},\"image\":{\"@id\":\"https:\\\/\\\/outdoorcouncil.ca\\\/fr\\\/a-propos-de-nous\\\/notre-histoire\\\/#primaryimage\"},\"thumbnailUrl\":\"http:\\\/\\\/outdoorcouncil.ca\\\/wp-content\\\/uploads\\\/2022\\\/05\\\/occ-history-paddling-1024x771.webp\",\"datePublished\":\"2022-02-08T13:28:27+00:00\",\"dateModified\":\"2023-06-14T20:27:28+00:00\",\"description\":\"The OCC is the umbrella organization for the Canadian outdoor sector. OCC members represent the thousands of individuals and businesses who bring Canadians outdoors.\",\"breadcrumb\":{\"@id\":\"https:\\\/\\\/outdoorcouncil.ca\\\/fr\\\/a-propos-de-nous\\\/notre-histoire\\\/#breadcrumb\"},\"inLanguage\":\"fr-FR\",\"potentialAction\":[{\"@type\":\"ReadAction\",\"target\":[\"https:\\\/\\\/outdoorcouncil.ca\\\/fr\\\/a-propos-de-nous\\\/notre-histoire\\\/\"]}]},{\"@type\":\"ImageObject\",\"inLanguage\":\"fr-FR\",\"@id\":\"https:\\\/\\\/outdoorcouncil.ca\\\/fr\\\/a-propos-de-nous\\\/notre-histoire\\\/#primaryimage\",\"url\":\"http:\\\/\\\/outdoorcouncil.ca\\\/wp-content\\\/uploads\\\/2022\\\/05\\\/occ-history-paddling-1024x771.webp\",\"contentUrl\":\"http:\\\/\\\/outdoorcouncil.ca\\\/wp-content\\\/uploads\\\/2022\\\/05\\\/occ-history-paddling-1024x771.webp\"},{\"@type\":\"BreadcrumbList\",\"@id\":\"https:\\\/\\\/outdoorcouncil.ca\\\/fr\\\/a-propos-de-nous\\\/notre-histoire\\\/#breadcrumb\",\"itemListElement\":[{\"@type\":\"ListItem\",\"position\":1,\"name\":\"Home\",\"item\":\"https:\\\/\\\/outdoorcouncil.ca\\\/fr\\\/\"},{\"@type\":\"ListItem\",\"position\":2,\"name\":\"\u00c0 propos de nous\",\"item\":\"https:\\\/\\\/outdoorcouncil.ca\\\/fr\\\/about-us\\\/\"},{\"@type\":\"ListItem\",\"position\":3,\"name\":\"Historique du CCPA\"}]},{\"@type\":\"WebSite\",\"@id\":\"https:\\\/\\\/outdoorcouncil.ca\\\/fr\\\/#website\",\"url\":\"https:\\\/\\\/outdoorcouncil.ca\\\/fr\\\/\",\"name\":\"Outdoor Council of Canada\",\"description\":\"Connecting Canadians to the Outdoors\",\"publisher\":{\"@id\":\"https:\\\/\\\/outdoorcouncil.ca\\\/fr\\\/#organization\"},\"potentialAction\":[{\"@type\":\"SearchAction\",\"target\":{\"@type\":\"EntryPoint\",\"urlTemplate\":\"https:\\\/\\\/outdoorcouncil.ca\\\/fr\\\/?s={search_term_string}\"},\"query-input\":{\"@type\":\"PropertyValueSpecification\",\"valueRequired\":true,\"valueName\":\"search_term_string\"}}],\"inLanguage\":\"fr-FR\"},{\"@type\":\"Organization\",\"@id\":\"https:\\\/\\\/outdoorcouncil.ca\\\/fr\\\/#organization\",\"name\":\"Outdoor Council of Canada\",\"url\":\"https:\\\/\\\/outdoorcouncil.ca\\\/fr\\\/\",\"logo\":{\"@type\":\"ImageObject\",\"inLanguage\":\"fr-FR\",\"@id\":\"https:\\\/\\\/outdoorcouncil.ca\\\/fr\\\/#\\\/schema\\\/logo\\\/image\\\/\",\"url\":\"https:\\\/\\\/outdoorcouncil.ca\\\/wp-content\\\/uploads\\\/2022\\\/08\\\/occ-logo.svg\",\"contentUrl\":\"https:\\\/\\\/outdoorcouncil.ca\\\/wp-content\\\/uploads\\\/2022\\\/08\\\/occ-logo.svg\",\"width\":85,\"height\":37,\"caption\":\"Outdoor Council of Canada\"},\"image\":{\"@id\":\"https:\\\/\\\/outdoorcouncil.ca\\\/fr\\\/#\\\/schema\\\/logo\\\/image\\\/\"}}]}<\/script>\n<!-- \/ Yoast SEO plugin. -->","yoast_head_json":{"title":"Historique du CCPA | Outdoor Council of Canada","description":"The OCC is the umbrella organization for the Canadian outdoor sector. OCC members represent the thousands of individuals and businesses who bring Canadians outdoors.","robots":{"index":"index","follow":"follow","max-snippet":"max-snippet:-1","max-image-preview":"max-image-preview:large","max-video-preview":"max-video-preview:-1"},"canonical":"https:\/\/outdoorcouncil.ca\/fr\/a-propos-de-nous\/notre-histoire\/","og_locale":"fr_FR","og_type":"article","og_title":"Historique du CCPA | Outdoor Council of Canada","og_description":"The OCC is the umbrella organization for the Canadian outdoor sector. OCC members represent the thousands of individuals and businesses who bring Canadians outdoors.","og_url":"https:\/\/outdoorcouncil.ca\/fr\/a-propos-de-nous\/notre-histoire\/","og_site_name":"Outdoor Council of Canada","article_modified_time":"2023-06-14T20:27:28+00:00","og_image":[{"url":"http:\/\/outdoorcouncil.ca\/wp-content\/uploads\/2022\/05\/occ-history-paddling-1024x771.webp","type":"","width":"","height":""}],"twitter_card":"summary_large_image","twitter_misc":{"Dur\u00e9e de lecture estim\u00e9e":"7 minutes"},"schema":{"@context":"https:\/\/schema.org","@graph":[{"@type":"WebPage","@id":"https:\/\/outdoorcouncil.ca\/fr\/a-propos-de-nous\/notre-histoire\/","url":"https:\/\/outdoorcouncil.ca\/fr\/a-propos-de-nous\/notre-histoire\/","name":"Historique du CCPA | Outdoor Council of Canada","isPartOf":{"@id":"https:\/\/outdoorcouncil.ca\/fr\/#website"},"primaryImageOfPage":{"@id":"https:\/\/outdoorcouncil.ca\/fr\/a-propos-de-nous\/notre-histoire\/#primaryimage"},"image":{"@id":"https:\/\/outdoorcouncil.ca\/fr\/a-propos-de-nous\/notre-histoire\/#primaryimage"},"thumbnailUrl":"http:\/\/outdoorcouncil.ca\/wp-content\/uploads\/2022\/05\/occ-history-paddling-1024x771.webp","datePublished":"2022-02-08T13:28:27+00:00","dateModified":"2023-06-14T20:27:28+00:00","description":"The OCC is the umbrella organization for the Canadian outdoor sector. OCC members represent the thousands of individuals and businesses who bring Canadians outdoors.","breadcrumb":{"@id":"https:\/\/outdoorcouncil.ca\/fr\/a-propos-de-nous\/notre-histoire\/#breadcrumb"},"inLanguage":"fr-FR","potentialAction":[{"@type":"ReadAction","target":["https:\/\/outdoorcouncil.ca\/fr\/a-propos-de-nous\/notre-histoire\/"]}]},{"@type":"ImageObject","inLanguage":"fr-FR","@id":"https:\/\/outdoorcouncil.ca\/fr\/a-propos-de-nous\/notre-histoire\/#primaryimage","url":"http:\/\/outdoorcouncil.ca\/wp-content\/uploads\/2022\/05\/occ-history-paddling-1024x771.webp","contentUrl":"http:\/\/outdoorcouncil.ca\/wp-content\/uploads\/2022\/05\/occ-history-paddling-1024x771.webp"},{"@type":"BreadcrumbList","@id":"https:\/\/outdoorcouncil.ca\/fr\/a-propos-de-nous\/notre-histoire\/#breadcrumb","itemListElement":[{"@type":"ListItem","position":1,"name":"Home","item":"https:\/\/outdoorcouncil.ca\/fr\/"},{"@type":"ListItem","position":2,"name":"\u00c0 propos de nous","item":"https:\/\/outdoorcouncil.ca\/fr\/about-us\/"},{"@type":"ListItem","position":3,"name":"Historique du CCPA"}]},{"@type":"WebSite","@id":"https:\/\/outdoorcouncil.ca\/fr\/#website","url":"https:\/\/outdoorcouncil.ca\/fr\/","name":"Outdoor Council of Canada","description":"Connecting Canadians to the Outdoors","publisher":{"@id":"https:\/\/outdoorcouncil.ca\/fr\/#organization"},"potentialAction":[{"@type":"SearchAction","target":{"@type":"EntryPoint","urlTemplate":"https:\/\/outdoorcouncil.ca\/fr\/?s={search_term_string}"},"query-input":{"@type":"PropertyValueSpecification","valueRequired":true,"valueName":"search_term_string"}}],"inLanguage":"fr-FR"},{"@type":"Organization","@id":"https:\/\/outdoorcouncil.ca\/fr\/#organization","name":"Outdoor Council of Canada","url":"https:\/\/outdoorcouncil.ca\/fr\/","logo":{"@type":"ImageObject","inLanguage":"fr-FR","@id":"https:\/\/outdoorcouncil.ca\/fr\/#\/schema\/logo\/image\/","url":"https:\/\/outdoorcouncil.ca\/wp-content\/uploads\/2022\/08\/occ-logo.svg","contentUrl":"https:\/\/outdoorcouncil.ca\/wp-content\/uploads\/2022\/08\/occ-logo.svg","width":85,"height":37,"caption":"Outdoor Council of Canada"},"image":{"@id":"https:\/\/outdoorcouncil.ca\/fr\/#\/schema\/logo\/image\/"}}]}},"_links":{"self":[{"href":"https:\/\/outdoorcouncil.ca\/fr\/wp-json\/wp\/v2\/pages\/1617","targetHints":{"allow":["GET"]}}],"collection":[{"href":"https:\/\/outdoorcouncil.ca\/fr\/wp-json\/wp\/v2\/pages"}],"about":[{"href":"https:\/\/outdoorcouncil.ca\/fr\/wp-json\/wp\/v2\/types\/page"}],"author":[{"embeddable":true,"href":"https:\/\/outdoorcouncil.ca\/fr\/wp-json\/wp\/v2\/users\/1"}],"replies":[{"embeddable":true,"href":"https:\/\/outdoorcouncil.ca\/fr\/wp-json\/wp\/v2\/comments?post=1617"}],"version-history":[{"count":0,"href":"https:\/\/outdoorcouncil.ca\/fr\/wp-json\/wp\/v2\/pages\/1617\/revisions"}],"up":[{"embeddable":true,"href":"https:\/\/outdoorcouncil.ca\/fr\/wp-json\/wp\/v2\/pages\/1574"}],"wp:attachment":[{"href":"https:\/\/outdoorcouncil.ca\/fr\/wp-json\/wp\/v2\/media?parent=1617"}],"curies":[{"name":"wp","href":"https:\/\/api.w.org\/{rel}","templated":true}]}}