{"id":1590,"date":"2022-02-08T06:54:46","date_gmt":"2022-02-08T13:54:46","guid":{"rendered":"https:\/\/outdoorcouncil.ca\/ressources\/organisations-du-secteur-des-activites-de-plein-air\/"},"modified":"2023-06-14T15:23:47","modified_gmt":"2023-06-14T21:23:47","slug":"organisations-du-secteur-des-activites-de-plein-air","status":"publish","type":"page","link":"https:\/\/outdoorcouncil.ca\/fr\/ressources\/organisations-du-secteur-des-activites-de-plein-air\/","title":{"rendered":"Organismes du milieu du plein air"},"content":{"rendered":"\n<p>Cette page pr\u00e9sente une liste d&rsquo;organimes qui travaillent \u00e0 la promotion des activit\u00e9s de plein air selon des perspectives diverses. La liste ci-dessous n&rsquo;est ni exhaustive, ni exclusive. Le milieu canadien du plein air compte un nombre incroyable d&rsquo;organisations, d&rsquo;entreprises et d&rsquo;\u00e9tablissements d&rsquo;enseignement. Nombre de ces membres de la communaut\u00e9 des amateurs de plein air travaillent assid\u00fbment \u00e0 la promotion des activit\u00e9s de plein air sous divers angles. Notre intention est d&rsquo;\u00eatre inclusif et de nommer le plus grand nombre possible de ces supporteurs\/repr\u00e9sentants\/ambassadeurs. Si vous voulez ajouter un nom \u00e0 cette liste, veuillez nous contacter. Veuillez noter que nous n&rsquo;avons pas la capacit\u00e9 de r\u00e9pertorier les pourvoiries et les fournisseurs d&rsquo;exp\u00e9riences de plein air.<\/p>\n\n<h2 class=\"wp-block-heading\">National ou pan-national<\/h2>\n\n<ul class=\"wp-block-list\"><li>L&rsquo;<a rel=\"noreferrer noopener\" href=\"http:\/\/www.aee.org\/\" target=\"_blank\">Association for Experiential Education<\/a> est une association professionnelle \u00e0 but non lucratif qui se consacre \u00e0 l&rsquo;\u00e9ducation exp\u00e9rientielle et aux \u00e9tudiants, \u00e9ducateurs et praticiens qui utilisent cette m\u00e9thodologie.<\/li><li>La mission de la <a rel=\"noreferrer noopener\" href=\"http:\/\/www.cwf-fcf.org\/en\/\" target=\"_blank\">F\u00e9d\u00e9ration canadienne de la faune<\/a> est de conserver et d&rsquo;inspirer la conservation de la faune et des habitats du Canada pour l&rsquo;usage et le plaisir de tous.<\/li><li>L&rsquo;<a rel=\"noreferrer noopener\" href=\"http:\/\/childnature.ca\/\" target=\"_blank\">Alliance Enfant et Nature du Canada<\/a> s&rsquo;efforce de mettre les enfants et les familles du Canada en contact avec la nature et le plein air dans les milieux o\u00f9 ils vivent, jouent, apprennent et travaillent.<\/li><li>La mission de la <a rel=\"noreferrer noopener\" href=\"http:\/\/www.davidsuzuki.org\/\" target=\"_blank\">Fondation David Suzuki<\/a> est de prot\u00e9ger la diversit\u00e9 de la nature et notre qualit\u00e9 de vie, aujourd&rsquo;hui et pour l&rsquo;avenir. Leur vision est qu&rsquo;en l&rsquo;espace d&rsquo;une g\u00e9n\u00e9ration, les Canadiens agissent en comprenant que nous sommes tous interconnect\u00e9s et interd\u00e9pendants avec la nature.<\/li><li><a rel=\"noreferrer noopener\" href=\"http:\/\/greenteacher.com\/\" target=\"_blank\">Green Teacher<\/a> est une organisation qui se consacre \u00e0 aider les \u00e9ducateurs, tant \u00e0 l&rsquo;int\u00e9rieur qu&rsquo;\u00e0 l&rsquo;ext\u00e9rieur des \u00e9coles, \u00e0 promouvoir la sensibilisation \u00e0 l&rsquo;environnement aupr\u00e8s des jeunes de 6 \u00e0 19 ans. Ils proposent un magazine trimestriel. <\/li><li><a rel=\"noreferrer noopener\" href=\"http:\/\/www.leavenotrace.ca\/main.html\" target=\"_blank\">Sans traces Canada<\/a> est un organisme national \u00e0 but non lucratif qui se consacre \u00e0 la promotion et \u00e0 l&rsquo;inspiration de loisirs de plein air responsables par l&rsquo;\u00e9ducation, la recherche et les partenariats.<\/li><li>La <a rel=\"noreferrer noopener\" href=\"http:\/\/www.naaee.org\/\" target=\"_blank\">North American Association for Environmental Education<\/a> est une organisation nord-am\u00e9ricaine qui promeut l&rsquo;\u00e9ducation \u00e0 l&rsquo;environnement.<\/li><li><a rel=\"noreferrer noopener\" href=\"https:\/\/www.outdoorplaycanada.ca\/\" target=\"_blank\">Jouons Dehors Canada<\/a> est un r\u00e9seau de d\u00e9fenseurs, de praticiens, de chercheurs et d&rsquo;organisations qui travaillent ensemble pour promouvoir, prot\u00e9ger et pr\u00e9server l&rsquo;acc\u00e8s au jeu dans la nature et en plein air pour toutes les personnes vivant au Canada.<\/li><li>Le <a rel=\"noreferrer noopener\" href=\"http:\/\/tctrail.ca\/\" target=\"_blank\">sentier Transcanadien<\/a> a pour mission de promouvoir et d&rsquo;aider au d\u00e9veloppement et \u00e0 l&rsquo;utilisation du Sentier dans chaque province et territoire.<\/li><\/ul>\n\n<h2 class=\"wp-block-heading\">Par province et territoire<\/h2>\n\n<h3 class=\"wp-block-heading\"><em><strong>Alberta<\/strong><\/em><\/h3>\n\n<ul class=\"wp-block-list\"><li>Le <a href=\"http:\/\/www.geoec.org\/\" target=\"_blank\" rel=\"noreferrer noopener\">Global Environmental Outdoor Education Council<\/a> est un conseil sp\u00e9cialis\u00e9 de l&rsquo;Alberta Teachers&rsquo; Association. Sa mission est de promouvoir un d\u00e9veloppement professionnel de qualit\u00e9 pour les enseignants dans le domaine de l&rsquo;\u00e9ducation globale, environnementale et de plein air.<\/li><\/ul>\n\n<h3 class=\"wp-block-heading\"><em><strong>Colombie-Britannique<\/strong><\/em><\/h3>\n\n<ul class=\"wp-block-list\"><li>La mission du <a href=\"http:\/\/cbeen.ca\/\" target=\"_blank\" rel=\"noreferrer noopener\">Columbia Basin Environmental Education Network<\/a> est d&rsquo;encourager la gestion et la durabilit\u00e9 de l&rsquo;environnement dans le bassin du Columbia canadien en soutenant les initiatives d&rsquo;\u00e9ducation \u00e0 l&rsquo;environnement. <\/li><li>L&rsquo;<a href=\"http:\/\/eepsa.org\/\" target=\"_blank\" rel=\"noreferrer noopener\">Association provinciale des sp\u00e9cialistes en \u00e9ducation environnementale<\/a> a pour objectif d&rsquo;aider les \u00e9ducateurs en leur offrant un soutien en mati\u00e8re de programmes d&rsquo;\u00e9tudes, un perfectionnement professionnel et des possibilit\u00e9s de r\u00e9seautage li\u00e9es \u00e0 l&rsquo;\u00e9ducation environnementale.<\/li><li>La mission de la <a href=\"http:\/\/www.wilderness-tourism.bc.ca\/index.html\" target=\"_blank\" rel=\"noreferrer noopener\">Wilderness Tourism Association of British Columbia<\/a> est de travailler \u00e0 assurer un avenir durable \u00e0 l&rsquo;industrie du tourisme en milieu sauvage de la Colombie-Britannique par le biais du leadership, de la d\u00e9fense des int\u00e9r\u00eats et de l&rsquo;intendance.<\/li><\/ul>\n\n<h3 class=\"wp-block-heading\"><em><strong>Manitoba<\/strong><\/em><\/h3>\n\n<p><em>Aucune organisation n&rsquo;a encore \u00e9t\u00e9 r\u00e9pertori\u00e9e pour cette r\u00e9gion. Si vous connaissez une organisation pertinente, veuillez <a href=\"https:\/\/outdoorcouncil.ca\/fr\/nous-contacter\/\" data-type=\"page\" data-id=\"48\">nous contacter.<\/a><\/em><\/p>\n\n<h3 class=\"wp-block-heading\"><em>Nouveau Brunswick<\/em><\/h3>\n\n<p><em>Aucune organisation n&rsquo;a encore \u00e9t\u00e9 r\u00e9pertori\u00e9e pour cette r\u00e9gion. Si vous connaissez une organisation pertinente, veuillez <a href=\"https:\/\/outdoorcouncil.ca\/fr\/nous-contacter\/\">nous contacter.<\/a><\/em><\/p>\n\n<h3 class=\"wp-block-heading\"><em><strong>Terre-Neuve et Labrador<\/strong><\/em><\/h3>\n\n<p><em>Aucune organisation n&rsquo;a encore \u00e9t\u00e9 r\u00e9pertori\u00e9e pour cette r\u00e9gion. Si vous connaissez une organisation pertinente, veuillez <a href=\"https:\/\/outdoorcouncil.ca\/fr\/nous-contacter\/\">nous contacter.<\/a><\/em><\/p>\n\n<h3 class=\"wp-block-heading\"><em><strong>Territoires du Nord-Ouest<\/strong><\/em><\/h3>\n\n<p><em>Aucune organisation n&rsquo;a encore \u00e9t\u00e9 r\u00e9pertori\u00e9e pour cette r\u00e9gion. Si vous connaissez une organisation pertinente, veuillez <a href=\"https:\/\/outdoorcouncil.ca\/fr\/nous-contacter\/\">nous contacter.<\/a><\/em><\/p>\n\n<h3 class=\"wp-block-heading\"><em><strong>Nouvelle-\u00c9cosse<\/strong><\/em><\/h3>\n\n<p><em>Aucune organisation n&rsquo;a encore \u00e9t\u00e9 r\u00e9pertori\u00e9e pour cette r\u00e9gion. Si vous connaissez une organisation pertinente, veuillez <a href=\"https:\/\/outdoorcouncil.ca\/fr\/nous-contacter\/\">nous contacter.<\/a><\/em><\/p>\n\n<h3 class=\"wp-block-heading\"><em><strong>Nunavut<\/strong><\/em><\/h3>\n\n<p><em>Aucune organisation n&rsquo;a encore \u00e9t\u00e9 r\u00e9pertori\u00e9e pour cette r\u00e9gion. Si vous connaissez une organisation pertinente, veuillez <a href=\"https:\/\/outdoorcouncil.ca\/fr\/nous-contacter\/\">nous contacter.<\/a><\/em><\/p>\n\n<h3 class=\"wp-block-heading\"><em><strong>Ontario<\/strong><\/em><\/h3>\n\n<p>Le <a rel=\"noreferrer noopener\" href=\"http:\/\/www.coeo.org\/\" target=\"_blank\">Council of Outdoor Educators of Ontario<\/a> est un organisme qui fait la promotion d&rsquo;exp\u00e9riences \u00e9ducatives de plein air s\u00fbres et de grande qualit\u00e9 pour les personnes de tous \u00e2ges. Elle fait \u00e9galement office d&rsquo;organisme professionnel pour les \u00e9ducateurs de plein air de la province de l&rsquo;Ontario.<\/p>\n\n<h3 class=\"wp-block-heading\"><em><strong>\u00cele-du-Prince-\u00c9douard<\/strong><\/em><\/h3>\n\n<p><em>Aucune organisation n&rsquo;a encore \u00e9t\u00e9 r\u00e9pertori\u00e9e pour cette r\u00e9gion. Si vous connaissez une organisation pertinente, veuillez <a href=\"https:\/\/outdoorcouncil.ca\/fr\/nous-contacter\/\">nous contacter.<\/a><\/em><\/p>\n\n<h3 class=\"wp-block-heading\"><em><strong>Qu\u00e9bec<\/strong><\/em><\/h3>\n\n<ul class=\"wp-block-list\"><li><a rel=\"noreferrer noopener\" href=\"http:\/\/www.aventure-ecotourisme.qc.ca\/home\" target=\"_blank\">Aventure \u00c9cotourisme Qu\u00e9bec<\/a> a pour mission de prot\u00e9ger, de repr\u00e9senter et de promouvoir les int\u00e9r\u00eats des producteurs professionnels de tourisme d&rsquo;aventure et d&rsquo;\u00e9cotourisme du Qu\u00e9bec. leur objectif est de d\u00e9velopper une offre touristique de qualit\u00e9 dans les secteurs du tourisme d&rsquo;aventure et de l&rsquo;\u00e9cotourisme.<\/li><li>Le <a rel=\"noreferrer noopener\" href=\"http:\/\/www.loisirquebec.com\/\" target=\"_blank\">Conseil qu\u00e9b\u00e9cois du loisir<\/a>(CQL) a pour mission de contribuer, par le loisir, au d\u00e9veloppement social, culturel et \u00e9conomique du Qu\u00e9bec. Le CQL travaille avec de nombreuses organisations li\u00e9es au plein air au Qu\u00e9bec.<\/li><\/ul>\n\n<h3 class=\"wp-block-heading\"><em><strong>Saskatchewan<\/strong><\/em><\/h3>\n\n<ul class=\"wp-block-list\"><li>La mission de <a rel=\"noreferrer noopener\" href=\"http:\/\/saskoutdoors.org\/\" target=\"_blank\">SaskOutdoors<\/a> est de relier les gens de la Saskatchewan au plein air et d&rsquo;inspirer un sens de la d\u00e9couverte et du jeu dans notre environnement naturel en offrant avec passion des programmes et des services qui favorisent la sensibilisation aux loisirs de plein air et \u00e0 la g\u00e9rance de l&rsquo;environnement.<\/li><\/ul>\n\n<h3 class=\"wp-block-heading\"><em><strong>Yukon<\/strong><\/em><\/h3>\n\n<p><em>Aucune organisation n&rsquo;a encore \u00e9t\u00e9 r\u00e9pertori\u00e9e pour cette r\u00e9gion. Si vous connaissez une organisation pertinente, veuillez <a href=\"https:\/\/outdoorcouncil.ca\/fr\/nous-contacter\/\">nous contacter.<\/a><\/em><\/p>\n","protected":false},"excerpt":{"rendered":"<p>Cette page pr\u00e9sente une liste d&rsquo;organimes qui travaillent \u00e0 la promotion des activit\u00e9s de plein air selon des perspectives diverses. La liste ci-dessous n&rsquo;est ni exhaustive, ni exclusive. Le milieu [&hellip;]<\/p>\n","protected":false},"author":1,"featured_media":0,"parent":1572,"menu_order":5,"comment_status":"closed","ping_status":"closed","template":"","meta":{"_acf_changed":false,"pmpro_default_level":"","inline_featured_image":false,"_price":"","_stock":"","_tribe_ticket_header":"","_tribe_default_ticket_provider":"","_tribe_ticket_capacity":"0","_ticket_start_date":"","_ticket_end_date":"","_tribe_ticket_show_description":"","_tribe_ticket_show_not_going":false,"_tribe_ticket_use_global_stock":"","_tribe_ticket_global_stock_level":"","_global_stock_mode":"","_global_stock_cap":"","_tribe_rsvp_for_event":"","_tribe_ticket_going_count":"","_tribe_ticket_not_going_count":"","_tribe_tickets_list":"[]","_tribe_ticket_has_attendee_info_fields":false,"footnotes":""},"class_list":["post-1590","page","type-page","status-publish","hentry","pmpro-has-access"],"acf":[],"yoast_head":"<!-- This site is optimized with the Yoast SEO plugin v27.3 - https:\/\/yoast.com\/product\/yoast-seo-wordpress\/ -->\n<title>Organismes du milieu du plein air | Outdoor Council of Canada<\/title>\n<meta name=\"description\" content=\"The OCC is the umbrella organization for the Canadian outdoor sector. OCC members represent the thousands of individuals and businesses who bring Canadians outdoors.\" \/>\n<meta name=\"robots\" content=\"index, follow, max-snippet:-1, max-image-preview:large, max-video-preview:-1\" \/>\n<link rel=\"canonical\" href=\"https:\/\/outdoorcouncil.ca\/fr\/ressources\/organisations-du-secteur-des-activites-de-plein-air\/\" \/>\n<meta property=\"og:locale\" content=\"fr_FR\" \/>\n<meta property=\"og:type\" content=\"article\" \/>\n<meta property=\"og:title\" content=\"Organismes du milieu du plein air | Outdoor Council of Canada\" \/>\n<meta property=\"og:description\" content=\"The OCC is the umbrella organization for the Canadian outdoor sector. OCC members represent the thousands of individuals and businesses who bring Canadians outdoors.\" \/>\n<meta property=\"og:url\" content=\"https:\/\/outdoorcouncil.ca\/fr\/ressources\/organisations-du-secteur-des-activites-de-plein-air\/\" \/>\n<meta property=\"og:site_name\" content=\"Outdoor Council of Canada\" \/>\n<meta property=\"article:modified_time\" content=\"2023-06-14T21:23:47+00:00\" \/>\n<meta name=\"twitter:card\" content=\"summary_large_image\" \/>\n<meta name=\"twitter:label1\" content=\"Dur\u00e9e de lecture estim\u00e9e\" \/>\n\t<meta name=\"twitter:data1\" content=\"5 minutes\" \/>\n<script type=\"application\/ld+json\" class=\"yoast-schema-graph\">{\"@context\":\"https:\\\/\\\/schema.org\",\"@graph\":[{\"@type\":\"WebPage\",\"@id\":\"https:\\\/\\\/outdoorcouncil.ca\\\/fr\\\/ressources\\\/organisations-du-secteur-des-activites-de-plein-air\\\/\",\"url\":\"https:\\\/\\\/outdoorcouncil.ca\\\/fr\\\/ressources\\\/organisations-du-secteur-des-activites-de-plein-air\\\/\",\"name\":\"Organismes du milieu du plein air | Outdoor Council of Canada\",\"isPartOf\":{\"@id\":\"https:\\\/\\\/outdoorcouncil.ca\\\/fr\\\/#website\"},\"datePublished\":\"2022-02-08T13:54:46+00:00\",\"dateModified\":\"2023-06-14T21:23:47+00:00\",\"description\":\"The OCC is the umbrella organization for the Canadian outdoor sector. OCC members represent the thousands of individuals and businesses who bring Canadians outdoors.\",\"breadcrumb\":{\"@id\":\"https:\\\/\\\/outdoorcouncil.ca\\\/fr\\\/ressources\\\/organisations-du-secteur-des-activites-de-plein-air\\\/#breadcrumb\"},\"inLanguage\":\"fr-FR\",\"potentialAction\":[{\"@type\":\"ReadAction\",\"target\":[\"https:\\\/\\\/outdoorcouncil.ca\\\/fr\\\/ressources\\\/organisations-du-secteur-des-activites-de-plein-air\\\/\"]}]},{\"@type\":\"BreadcrumbList\",\"@id\":\"https:\\\/\\\/outdoorcouncil.ca\\\/fr\\\/ressources\\\/organisations-du-secteur-des-activites-de-plein-air\\\/#breadcrumb\",\"itemListElement\":[{\"@type\":\"ListItem\",\"position\":1,\"name\":\"Home\",\"item\":\"https:\\\/\\\/outdoorcouncil.ca\\\/fr\\\/\"},{\"@type\":\"ListItem\",\"position\":2,\"name\":\"Ressources\",\"item\":\"https:\\\/\\\/outdoorcouncil.ca\\\/fr\\\/resources\\\/\"},{\"@type\":\"ListItem\",\"position\":3,\"name\":\"Organismes du milieu du plein air\"}]},{\"@type\":\"WebSite\",\"@id\":\"https:\\\/\\\/outdoorcouncil.ca\\\/fr\\\/#website\",\"url\":\"https:\\\/\\\/outdoorcouncil.ca\\\/fr\\\/\",\"name\":\"Outdoor Council of Canada\",\"description\":\"Connecting Canadians to the Outdoors\",\"publisher\":{\"@id\":\"https:\\\/\\\/outdoorcouncil.ca\\\/fr\\\/#organization\"},\"potentialAction\":[{\"@type\":\"SearchAction\",\"target\":{\"@type\":\"EntryPoint\",\"urlTemplate\":\"https:\\\/\\\/outdoorcouncil.ca\\\/fr\\\/?s={search_term_string}\"},\"query-input\":{\"@type\":\"PropertyValueSpecification\",\"valueRequired\":true,\"valueName\":\"search_term_string\"}}],\"inLanguage\":\"fr-FR\"},{\"@type\":\"Organization\",\"@id\":\"https:\\\/\\\/outdoorcouncil.ca\\\/fr\\\/#organization\",\"name\":\"Outdoor Council of Canada\",\"url\":\"https:\\\/\\\/outdoorcouncil.ca\\\/fr\\\/\",\"logo\":{\"@type\":\"ImageObject\",\"inLanguage\":\"fr-FR\",\"@id\":\"https:\\\/\\\/outdoorcouncil.ca\\\/fr\\\/#\\\/schema\\\/logo\\\/image\\\/\",\"url\":\"https:\\\/\\\/outdoorcouncil.ca\\\/wp-content\\\/uploads\\\/2022\\\/08\\\/occ-logo.svg\",\"contentUrl\":\"https:\\\/\\\/outdoorcouncil.ca\\\/wp-content\\\/uploads\\\/2022\\\/08\\\/occ-logo.svg\",\"width\":85,\"height\":37,\"caption\":\"Outdoor Council of Canada\"},\"image\":{\"@id\":\"https:\\\/\\\/outdoorcouncil.ca\\\/fr\\\/#\\\/schema\\\/logo\\\/image\\\/\"}}]}<\/script>\n<!-- \/ Yoast SEO plugin. -->","yoast_head_json":{"title":"Organismes du milieu du plein air | Outdoor Council of Canada","description":"The OCC is the umbrella organization for the Canadian outdoor sector. OCC members represent the thousands of individuals and businesses who bring Canadians outdoors.","robots":{"index":"index","follow":"follow","max-snippet":"max-snippet:-1","max-image-preview":"max-image-preview:large","max-video-preview":"max-video-preview:-1"},"canonical":"https:\/\/outdoorcouncil.ca\/fr\/ressources\/organisations-du-secteur-des-activites-de-plein-air\/","og_locale":"fr_FR","og_type":"article","og_title":"Organismes du milieu du plein air | Outdoor Council of Canada","og_description":"The OCC is the umbrella organization for the Canadian outdoor sector. OCC members represent the thousands of individuals and businesses who bring Canadians outdoors.","og_url":"https:\/\/outdoorcouncil.ca\/fr\/ressources\/organisations-du-secteur-des-activites-de-plein-air\/","og_site_name":"Outdoor Council of Canada","article_modified_time":"2023-06-14T21:23:47+00:00","twitter_card":"summary_large_image","twitter_misc":{"Dur\u00e9e de lecture estim\u00e9e":"5 minutes"},"schema":{"@context":"https:\/\/schema.org","@graph":[{"@type":"WebPage","@id":"https:\/\/outdoorcouncil.ca\/fr\/ressources\/organisations-du-secteur-des-activites-de-plein-air\/","url":"https:\/\/outdoorcouncil.ca\/fr\/ressources\/organisations-du-secteur-des-activites-de-plein-air\/","name":"Organismes du milieu du plein air | Outdoor Council of Canada","isPartOf":{"@id":"https:\/\/outdoorcouncil.ca\/fr\/#website"},"datePublished":"2022-02-08T13:54:46+00:00","dateModified":"2023-06-14T21:23:47+00:00","description":"The OCC is the umbrella organization for the Canadian outdoor sector. OCC members represent the thousands of individuals and businesses who bring Canadians outdoors.","breadcrumb":{"@id":"https:\/\/outdoorcouncil.ca\/fr\/ressources\/organisations-du-secteur-des-activites-de-plein-air\/#breadcrumb"},"inLanguage":"fr-FR","potentialAction":[{"@type":"ReadAction","target":["https:\/\/outdoorcouncil.ca\/fr\/ressources\/organisations-du-secteur-des-activites-de-plein-air\/"]}]},{"@type":"BreadcrumbList","@id":"https:\/\/outdoorcouncil.ca\/fr\/ressources\/organisations-du-secteur-des-activites-de-plein-air\/#breadcrumb","itemListElement":[{"@type":"ListItem","position":1,"name":"Home","item":"https:\/\/outdoorcouncil.ca\/fr\/"},{"@type":"ListItem","position":2,"name":"Ressources","item":"https:\/\/outdoorcouncil.ca\/fr\/resources\/"},{"@type":"ListItem","position":3,"name":"Organismes du milieu du plein air"}]},{"@type":"WebSite","@id":"https:\/\/outdoorcouncil.ca\/fr\/#website","url":"https:\/\/outdoorcouncil.ca\/fr\/","name":"Outdoor Council of Canada","description":"Connecting Canadians to the Outdoors","publisher":{"@id":"https:\/\/outdoorcouncil.ca\/fr\/#organization"},"potentialAction":[{"@type":"SearchAction","target":{"@type":"EntryPoint","urlTemplate":"https:\/\/outdoorcouncil.ca\/fr\/?s={search_term_string}"},"query-input":{"@type":"PropertyValueSpecification","valueRequired":true,"valueName":"search_term_string"}}],"inLanguage":"fr-FR"},{"@type":"Organization","@id":"https:\/\/outdoorcouncil.ca\/fr\/#organization","name":"Outdoor Council of Canada","url":"https:\/\/outdoorcouncil.ca\/fr\/","logo":{"@type":"ImageObject","inLanguage":"fr-FR","@id":"https:\/\/outdoorcouncil.ca\/fr\/#\/schema\/logo\/image\/","url":"https:\/\/outdoorcouncil.ca\/wp-content\/uploads\/2022\/08\/occ-logo.svg","contentUrl":"https:\/\/outdoorcouncil.ca\/wp-content\/uploads\/2022\/08\/occ-logo.svg","width":85,"height":37,"caption":"Outdoor Council of Canada"},"image":{"@id":"https:\/\/outdoorcouncil.ca\/fr\/#\/schema\/logo\/image\/"}}]}},"_links":{"self":[{"href":"https:\/\/outdoorcouncil.ca\/fr\/wp-json\/wp\/v2\/pages\/1590","targetHints":{"allow":["GET"]}}],"collection":[{"href":"https:\/\/outdoorcouncil.ca\/fr\/wp-json\/wp\/v2\/pages"}],"about":[{"href":"https:\/\/outdoorcouncil.ca\/fr\/wp-json\/wp\/v2\/types\/page"}],"author":[{"embeddable":true,"href":"https:\/\/outdoorcouncil.ca\/fr\/wp-json\/wp\/v2\/users\/1"}],"replies":[{"embeddable":true,"href":"https:\/\/outdoorcouncil.ca\/fr\/wp-json\/wp\/v2\/comments?post=1590"}],"version-history":[{"count":0,"href":"https:\/\/outdoorcouncil.ca\/fr\/wp-json\/wp\/v2\/pages\/1590\/revisions"}],"up":[{"embeddable":true,"href":"https:\/\/outdoorcouncil.ca\/fr\/wp-json\/wp\/v2\/pages\/1572"}],"wp:attachment":[{"href":"https:\/\/outdoorcouncil.ca\/fr\/wp-json\/wp\/v2\/media?parent=1590"}],"curies":[{"name":"wp","href":"https:\/\/api.w.org\/{rel}","templated":true}]}}